{"id":2263,"date":"2021-12-30T12:11:47","date_gmt":"2021-12-30T11:11:47","guid":{"rendered":"https:\/\/webdevconsulting.fr\/projet16\/?page_id=2263"},"modified":"2021-12-30T12:19:40","modified_gmt":"2021-12-30T11:19:40","slug":"actualites","status":"publish","type":"page","link":"https:\/\/agenceweb.digital\/?page_id=2263","title":{"rendered":"Actualit\u00e9s"},"content":{"rendered":"<p>[vc_row][vc_column]<div class=\"cymolthemes-boxes cymolthemes-boxes-blog cymolthemes-boxes-view-default cymolthemes-boxes-col-three cymolthemes-boxes-sortable-no cymolthemes-boxes-textalign-center cmt-sboxcta3-rev-heading\">\n\t\t<div class=\"cymolthemes-boxes-inner cymolthemes-boxes-blog-inner \"><div class=\"cymolthemes-box-heading-wrapper cmt-sboxelement-align-center\"><div class=\"cmt-element-heading-wrapper cmt-sboxheading-inner cmt-sboxelement-align-center cmt-seperator-none cmt-sboxheading-style-vertical \"><section class=\"cmt-sboxvc_cta3-container\"><div class=\"cmt-vc_general cmt-sboxvc_cta3 cmt-sboxcta3-only cmt-sboxvc_cta3-style-classic cmt-sboxvc_cta3-shape-rounded cmt-sboxvc_cta3-align-center cmt-sboxvc_cta3-color-transparent cmt-sboxvc_cta3-icon-size-md cmt-sboxvc_cta3-actions-no cmt-sboxcta3-with-desc\"><div class=\"cmt-vc_cta3_content-container\"><div class=\"cmt-vc_cta3-content\"><header class=\"cmt-vc_cta3-content-header cmt-section-wrapper \"><div class=\"cmt-sboxvc_cta3-headers cmt-section-wrapper-cell\"><h2 class=\"cmt-custom-heading \" >D\u00e9couvrez toute notre actualit\u00e9<\/h2>\n<\/div><div class=\"heading-seperator\"><span><\/span><\/div><\/header><div class=\"cmt-sboxcta3-content-wrapper\"><p>Nouveaux produits, nouveaux projets, interview client, vous retrouverez ci-dessous tous les articles \u00e9crits par notre \u00e9quipe.<\/p><\/div><\/div><\/div><\/div><\/section><\/div> <!-- .cmt-element-heading-wrapper container --> <\/div> <!-- .cmt-element-heading-wrapper container --> \n\t\t\t\n\t\t\t<div class=\"row multi-columns-row cymolthemes-boxes-row-wrapper\">\n\t\t\t\t<div class=\"cmt-sboxbox-col-wrapper col-lg-4 col-sm-6 col-md-4 col-xs-12 actualites\"><article class=\"cymolthemes-box cymolthemes-box-blog cymolthemes-blogbox-styleone cymolthemes-blogbox-stylesix cymolthemes-blogbox-format- \">\n\t<div class=\"post-item\">\n\t\t<div class=\"cymolthemes-box-content\">\t\t\n\t\t\t<div class=\"cmt-featured-outer-wrapper cmt-post-featured-outer-wrapper\">\n\t\t\t\t<div class=\"cmt-sboxfeatured-wrapper cmt-sboxpost-featured-wrapper cmt-sboxpost-format-\"><a href=\"https:\/\/agenceweb.digital\/?p=2919\"><img loading=\"lazy\" decoding=\"async\" width=\"780\" height=\"565\" src=\"https:\/\/agenceweb.digital\/wp-content\/uploads\/2022\/06\/Capture-decran-2022-06-16-112107-780x565.png\" class=\"attachment-cymolthemes-img-blog-top size-cymolthemes-img-blog-top wp-post-image\" alt=\"\" data-id=\"2920\" \/><\/a><\/div>\t\t\t\t<div class=\"cmt-blog-overlay-icon\">\t\t\t\t\t\t    \n\t\t\t\t\t<a href=\"https:\/\/agenceweb.digital\/?p=2919\" rel=\"bookmark\"><span class=\"blog-readmore-text\">Read More<\/span><\/a><\/div>\n\t\t\t<\/div>\t\t\n\t\t\t<div class=\"cymolthemes-box-desc\">\n\t\t\t\t<div class=\"post-meta\"> \n\t\t\t\t    <div class=\"cmt-sboxentry-meta-wrapper\"><div class=\"entry-meta cmt-sboxentry-meta cmt-sboxentry-meta-blogbox\"><span class=\"cmt-meta-line posted-on\"><i class=\"fa fa-calendar\"><\/i> <span class=\"screen-reader-text cmt-hide\">Posted on <\/span><a href=\"https:\/\/agenceweb.digital\/?p=2919\" rel=\"bookmark\"><time class=\"entry-date published\" datetime=\"2022-06-16T11:31:02+02:00\">16\/06\/2222<\/time><time class=\"updated cmt-hide\" datetime=\"2022-06-22T12:15:32+02:00\">22\/06\/2222<\/time><\/a><\/span><span class=\"cmt-meta-line cat-links\"><i class=\"fa fa-tags\"><\/i> <span class=\"screen-reader-text cmt-hide\">Categories <\/span><a href=\"https:\/\/agenceweb.digital\/?cat=1\" rel=\"category\">Actualit\u00e9s<\/a><\/span><\/div><\/div>\t\t\t\t<\/div>\t\n\t\t\t\t<div class=\"entry-header\">\n\t\t\t\t   <div class=\"cymolthemes-box-title\"><h4><a href=\"https:\/\/agenceweb.digital\/?p=2919\">Ces technologies qui donnent envie de retourner en magasin, by Expo-Dispo<\/a><\/h4><\/div>\t\n\t\t\t\t<\/div>\n\t\t\t\t\t\t<div class=\"cymolthemes-box-desc-text\">Que ce soit pour consolider l'offre, aider un vendeur ou faire revenir les clients, les outils num\u00e9riques ont d\u00e9sormais trouv\u00e9 leur place en magasin.<\/div>\t\t\t\t\t\t\n\t\t\t<\/div>\n        <\/div>\n\t<\/div>\n<\/article>\n<\/div><div class=\"cmt-sboxbox-col-wrapper col-lg-4 col-sm-6 col-md-4 col-xs-12 actualites\"><article class=\"cymolthemes-box cymolthemes-box-blog cymolthemes-blogbox-styleone cymolthemes-blogbox-stylesix cymolthemes-blogbox-format- \">\n\t<div class=\"post-item\">\n\t\t<div class=\"cymolthemes-box-content\">\t\t\n\t\t\t<div class=\"cmt-featured-outer-wrapper cmt-post-featured-outer-wrapper\">\n\t\t\t\t<div class=\"cmt-sboxfeatured-wrapper cmt-sboxpost-featured-wrapper cmt-sboxpost-format-\"><a href=\"https:\/\/agenceweb.digital\/?p=127\"><img loading=\"lazy\" decoding=\"async\" width=\"780\" height=\"607\" src=\"https:\/\/agenceweb.digital\/wp-content\/uploads\/2020\/11\/Capture-de\u0301cran-2022-04-13-a\u0300-09.24.09-780x607.png\" class=\"attachment-cymolthemes-img-blog-top size-cymolthemes-img-blog-top wp-post-image\" alt=\"\" srcset=\"https:\/\/agenceweb.digital\/wp-content\/uploads\/2020\/11\/Capture-de\u0301cran-2022-04-13-a\u0300-09.24.09-780x607.png 780w, https:\/\/agenceweb.digital\/wp-content\/uploads\/2020\/11\/Capture-de\u0301cran-2022-04-13-a\u0300-09.24.09-221x171.png 221w\" sizes=\"auto, (max-width: 780px) 100vw, 780px\" data-id=\"2777\" \/><\/a><\/div>\t\t\t\t<div class=\"cmt-blog-overlay-icon\">\t\t\t\t\t\t    \n\t\t\t\t\t<a href=\"https:\/\/agenceweb.digital\/?p=127\" rel=\"bookmark\"><span class=\"blog-readmore-text\">Read More<\/span><\/a><\/div>\n\t\t\t<\/div>\t\t\n\t\t\t<div class=\"cymolthemes-box-desc\">\n\t\t\t\t<div class=\"post-meta\"> \n\t\t\t\t    <div class=\"cmt-sboxentry-meta-wrapper\"><div class=\"entry-meta cmt-sboxentry-meta cmt-sboxentry-meta-blogbox\"><span class=\"cmt-meta-line posted-on\"><i class=\"fa fa-calendar\"><\/i> <span class=\"screen-reader-text cmt-hide\">Posted on <\/span><a href=\"https:\/\/agenceweb.digital\/?p=127\" rel=\"bookmark\"><time class=\"entry-date published\" datetime=\"2022-04-13T09:00:00+02:00\">13\/04\/2222<\/time><time class=\"updated cmt-hide\" datetime=\"2022-04-13T09:38:47+02:00\">13\/04\/2222<\/time><\/a><\/span><span class=\"cmt-meta-line cat-links\"><i class=\"fa fa-tags\"><\/i> <span class=\"screen-reader-text cmt-hide\">Categories <\/span><a href=\"https:\/\/agenceweb.digital\/?cat=1\" rel=\"category\">Actualit\u00e9s<\/a><\/span><\/div><\/div>\t\t\t\t<\/div>\t\n\t\t\t\t<div class=\"entry-header\">\n\t\t\t\t   <div class=\"cymolthemes-box-title\"><h4><a href=\"https:\/\/agenceweb.digital\/?p=127\">Marcouss-e-commerce.fr, une plateforme r\u00e9alis\u00e9e par ExpoDispo Agency<\/a><\/h4><\/div>\t\n\t\t\t\t<\/div>\n\t\t\t\t\t\t<div class=\"cymolthemes-box-desc-text\">Expo-Dispo Agency a r\u00e9alis\u00e9 pour la ville de Marcoussis (Essonne, 91) et pour plusieurs autres vil...<\/div>\t\t\t\t\t\t\n\t\t\t<\/div>\n        <\/div>\n\t<\/div>\n<\/article>\n<\/div><div class=\"cmt-sboxbox-col-wrapper col-lg-4 col-sm-6 col-md-4 col-xs-12 actualites\"><article class=\"cymolthemes-box cymolthemes-box-blog cymolthemes-blogbox-styleone cymolthemes-blogbox-stylesix cymolthemes-blogbox-format- \">\n\t<div class=\"post-item\">\n\t\t<div class=\"cymolthemes-box-content\">\t\t\n\t\t\t<div class=\"cmt-featured-outer-wrapper cmt-post-featured-outer-wrapper\">\n\t\t\t\t<div class=\"cmt-sboxfeatured-wrapper cmt-sboxpost-featured-wrapper cmt-sboxpost-format-\"><a href=\"https:\/\/agenceweb.digital\/?p=2298\"><img loading=\"lazy\" decoding=\"async\" width=\"780\" height=\"607\" src=\"https:\/\/agenceweb.digital\/wp-content\/uploads\/2021\/12\/IMG_1648-780x607.jpg\" class=\"attachment-cymolthemes-img-blog-top size-cymolthemes-img-blog-top wp-post-image\" alt=\"\" srcset=\"https:\/\/agenceweb.digital\/wp-content\/uploads\/2021\/12\/IMG_1648-780x607.jpg 780w, https:\/\/agenceweb.digital\/wp-content\/uploads\/2021\/12\/IMG_1648-221x171.jpg 221w\" sizes=\"auto, (max-width: 780px) 100vw, 780px\" data-id=\"2399\" \/><\/a><\/div>\t\t\t\t<div class=\"cmt-blog-overlay-icon\">\t\t\t\t\t\t    \n\t\t\t\t\t<a href=\"https:\/\/agenceweb.digital\/?p=2298\" rel=\"bookmark\"><span class=\"blog-readmore-text\">Read More<\/span><\/a><\/div>\n\t\t\t<\/div>\t\t\n\t\t\t<div class=\"cymolthemes-box-desc\">\n\t\t\t\t<div class=\"post-meta\"> \n\t\t\t\t    <div class=\"cmt-sboxentry-meta-wrapper\"><div class=\"entry-meta cmt-sboxentry-meta cmt-sboxentry-meta-blogbox\"><span class=\"cmt-meta-line posted-on\"><i class=\"fa fa-calendar\"><\/i> <span class=\"screen-reader-text cmt-hide\">Posted on <\/span><a href=\"https:\/\/agenceweb.digital\/?p=2298\" rel=\"bookmark\"><time class=\"entry-date published\" datetime=\"2021-12-30T15:06:03+01:00\">30\/12\/2121<\/time><time class=\"updated cmt-hide\" datetime=\"2022-01-05T09:22:12+01:00\">05\/01\/2222<\/time><\/a><\/span><span class=\"cmt-meta-line cat-links\"><i class=\"fa fa-tags\"><\/i> <span class=\"screen-reader-text cmt-hide\">Categories <\/span><a href=\"https:\/\/agenceweb.digital\/?cat=1\" rel=\"category\">Actualit\u00e9s<\/a><\/span><\/div><\/div>\t\t\t\t<\/div>\t\n\t\t\t\t<div class=\"entry-header\">\n\t\t\t\t   <div class=\"cymolthemes-box-title\"><h4><a href=\"https:\/\/agenceweb.digital\/?p=2298\">La Kidi Car: un challenge pour Expo-Dispo<\/a><\/h4><\/div>\t\n\t\t\t\t<\/div>\n\t\t\t\t\t\t<div class=\"cymolthemes-box-desc-text\">La cr\u00e9ation de produit: le jouet pour enfant. En 2020 Expo-Dispo a d\u00e9cid\u00e9 de d\u00e9velopper un jouet...<\/div>\t\t\t\t\t\t\n\t\t\t<\/div>\n        <\/div>\n\t<\/div>\n<\/article>\n<\/div><div class=\"cmt-sboxbox-col-wrapper col-lg-4 col-sm-6 col-md-4 col-xs-12 actualites\"><article class=\"cymolthemes-box cymolthemes-box-blog cymolthemes-blogbox-styleone cymolthemes-blogbox-stylesix cymolthemes-blogbox-format- \">\n\t<div class=\"post-item\">\n\t\t<div class=\"cymolthemes-box-content\">\t\t\n\t\t\t<div class=\"cmt-featured-outer-wrapper cmt-post-featured-outer-wrapper\">\n\t\t\t\t<div class=\"cmt-sboxfeatured-wrapper cmt-sboxpost-featured-wrapper cmt-sboxpost-format-\"><a href=\"https:\/\/agenceweb.digital\/?p=2279\"><img loading=\"lazy\" decoding=\"async\" width=\"780\" height=\"607\" src=\"https:\/\/agenceweb.digital\/wp-content\/uploads\/2020\/11\/vue-dessus-nuages-mot-seo_1134-68qcsq-780x607.jpg\" class=\"attachment-cymolthemes-img-blog-top size-cymolthemes-img-blog-top wp-post-image\" alt=\"\" srcset=\"https:\/\/agenceweb.digital\/wp-content\/uploads\/2020\/11\/vue-dessus-nuages-mot-seo_1134-68qcsq-780x607.jpg 780w, https:\/\/agenceweb.digital\/wp-content\/uploads\/2020\/11\/vue-dessus-nuages-mot-seo_1134-68qcsq-221x171.jpg 221w\" sizes=\"auto, (max-width: 780px) 100vw, 780px\" data-id=\"1982\" \/><\/a><\/div>\t\t\t\t<div class=\"cmt-blog-overlay-icon\">\t\t\t\t\t\t    \n\t\t\t\t\t<a href=\"https:\/\/agenceweb.digital\/?p=2279\" rel=\"bookmark\"><span class=\"blog-readmore-text\">Read More<\/span><\/a><\/div>\n\t\t\t<\/div>\t\t\n\t\t\t<div class=\"cymolthemes-box-desc\">\n\t\t\t\t<div class=\"post-meta\"> \n\t\t\t\t    <div class=\"cmt-sboxentry-meta-wrapper\"><div class=\"entry-meta cmt-sboxentry-meta cmt-sboxentry-meta-blogbox\"><span class=\"cmt-meta-line posted-on\"><i class=\"fa fa-calendar\"><\/i> <span class=\"screen-reader-text cmt-hide\">Posted on <\/span><a href=\"https:\/\/agenceweb.digital\/?p=2279\" rel=\"bookmark\"><time class=\"entry-date published\" datetime=\"2021-12-30T12:36:06+01:00\">30\/12\/2121<\/time><time class=\"updated cmt-hide\" datetime=\"2021-12-30T12:36:50+01:00\">30\/12\/2121<\/time><\/a><\/span><span class=\"cmt-meta-line cat-links\"><i class=\"fa fa-tags\"><\/i> <span class=\"screen-reader-text cmt-hide\">Categories <\/span><a href=\"https:\/\/agenceweb.digital\/?cat=1\" rel=\"category\">Actualit\u00e9s<\/a><\/span><\/div><\/div>\t\t\t\t<\/div>\t\n\t\t\t\t<div class=\"entry-header\">\n\t\t\t\t   <div class=\"cymolthemes-box-title\"><h4><a href=\"https:\/\/agenceweb.digital\/?p=2279\">D\u00e9velopper son entreprise.<\/a><\/h4><\/div>\t\n\t\t\t\t<\/div>\n\t\t\t\t\t\t<div class=\"cymolthemes-box-desc-text\">L\u2019importance du digital dans le d\u00e9veloppement d\u2019une entreprise Pourquoi faire appel \u00e0 nous ?...<\/div>\t\t\t\t\t\t\n\t\t\t<\/div>\n        <\/div>\n\t<\/div>\n<\/article>\n<\/div><div class=\"cmt-sboxbox-col-wrapper col-lg-4 col-sm-6 col-md-4 col-xs-12 actualites\"><article class=\"cymolthemes-box cymolthemes-box-blog cymolthemes-blogbox-styleone cymolthemes-blogbox-stylesix cymolthemes-blogbox-format- \">\n\t<div class=\"post-item\">\n\t\t<div class=\"cymolthemes-box-content\">\t\t\n\t\t\t<div class=\"cmt-featured-outer-wrapper cmt-post-featured-outer-wrapper\">\n\t\t\t\t<div class=\"cmt-sboxfeatured-wrapper cmt-sboxpost-featured-wrapper cmt-sboxpost-format-\"><a href=\"https:\/\/agenceweb.digital\/?p=2274\"><img loading=\"lazy\" decoding=\"async\" width=\"780\" height=\"521\" src=\"https:\/\/agenceweb.digital\/wp-content\/uploads\/2021\/12\/large-baby-marinpouyfrederick-780x521.jpeg\" class=\"attachment-cymolthemes-img-blog-top size-cymolthemes-img-blog-top wp-post-image\" alt=\"\" data-id=\"2025\" \/><\/a><\/div>\t\t\t\t<div class=\"cmt-blog-overlay-icon\">\t\t\t\t\t\t    \n\t\t\t\t\t<a href=\"https:\/\/agenceweb.digital\/?p=2274\" rel=\"bookmark\"><span class=\"blog-readmore-text\">Read More<\/span><\/a><\/div>\n\t\t\t<\/div>\t\t\n\t\t\t<div class=\"cymolthemes-box-desc\">\n\t\t\t\t<div class=\"post-meta\"> \n\t\t\t\t    <div class=\"cmt-sboxentry-meta-wrapper\"><div class=\"entry-meta cmt-sboxentry-meta cmt-sboxentry-meta-blogbox\"><span class=\"cmt-meta-line posted-on\"><i class=\"fa fa-calendar\"><\/i> <span class=\"screen-reader-text cmt-hide\">Posted on <\/span><a href=\"https:\/\/agenceweb.digital\/?p=2274\" rel=\"bookmark\"><time class=\"entry-date published\" datetime=\"2021-12-30T12:32:23+01:00\">30\/12\/2121<\/time><time class=\"updated cmt-hide\" datetime=\"2021-12-30T12:33:56+01:00\">30\/12\/2121<\/time><\/a><\/span><span class=\"cmt-meta-line cat-links\"><i class=\"fa fa-tags\"><\/i> <span class=\"screen-reader-text cmt-hide\">Categories <\/span><a href=\"https:\/\/agenceweb.digital\/?cat=1\" rel=\"category\">Actualit\u00e9s<\/a><\/span><\/div><\/div>\t\t\t\t<\/div>\t\n\t\t\t\t<div class=\"entry-header\">\n\t\t\t\t   <div class=\"cymolthemes-box-title\"><h4><a href=\"https:\/\/agenceweb.digital\/?p=2274\">Expodispo.fr, son histoire.<\/a><\/h4><\/div>\t\n\t\t\t\t<\/div>\n\t\t\t\t\t\t<div class=\"cymolthemes-box-desc-text\">\u201cEntrepreneur EPF : Fr\u00e9d\u00e9rick BABY-MARINPOUY Fondateur De La Start-Up ExpoDispo.Fr\u201d La naissan...<\/div>\t\t\t\t\t\t\n\t\t\t<\/div>\n        <\/div>\n\t<\/div>\n<\/article>\n<\/div><div class=\"cmt-sboxbox-col-wrapper col-lg-4 col-sm-6 col-md-4 col-xs-12 actualites\"><article class=\"cymolthemes-box cymolthemes-box-blog cymolthemes-blogbox-styleone cymolthemes-blogbox-stylesix cymolthemes-blogbox-format- \">\n\t<div class=\"post-item\">\n\t\t<div class=\"cymolthemes-box-content\">\t\t\n\t\t\t<div class=\"cmt-featured-outer-wrapper cmt-post-featured-outer-wrapper\">\n\t\t\t\t<div class=\"cmt-sboxfeatured-wrapper cmt-sboxpost-featured-wrapper cmt-sboxpost-format-\"><a href=\"https:\/\/agenceweb.digital\/?p=1883\"><img loading=\"lazy\" decoding=\"async\" width=\"626\" height=\"434\" src=\"https:\/\/agenceweb.digital\/wp-content\/uploads\/2020\/12\/illustration-concept-referencement_114360-5846-1-1.jpg\" class=\"attachment-cymolthemes-img-blog-top size-cymolthemes-img-blog-top wp-post-image\" alt=\"\" srcset=\"https:\/\/agenceweb.digital\/wp-content\/uploads\/2020\/12\/illustration-concept-referencement_114360-5846-1-1.jpg 626w, https:\/\/agenceweb.digital\/wp-content\/uploads\/2020\/12\/illustration-concept-referencement_114360-5846-1-1-300x208.jpg 300w\" sizes=\"auto, (max-width: 626px) 100vw, 626px\" data-id=\"1979\" \/><\/a><\/div>\t\t\t\t<div class=\"cmt-blog-overlay-icon\">\t\t\t\t\t\t    \n\t\t\t\t\t<a href=\"https:\/\/agenceweb.digital\/?p=1883\" rel=\"bookmark\"><span class=\"blog-readmore-text\">Read More<\/span><\/a><\/div>\n\t\t\t<\/div>\t\t\n\t\t\t<div class=\"cymolthemes-box-desc\">\n\t\t\t\t<div class=\"post-meta\"> \n\t\t\t\t    <div class=\"cmt-sboxentry-meta-wrapper\"><div class=\"entry-meta cmt-sboxentry-meta cmt-sboxentry-meta-blogbox\"><span class=\"cmt-meta-line posted-on\"><i class=\"fa fa-calendar\"><\/i> <span class=\"screen-reader-text cmt-hide\">Posted on <\/span><a href=\"https:\/\/agenceweb.digital\/?p=1883\" rel=\"bookmark\"><time class=\"entry-date published\" datetime=\"2020-12-09T09:09:31+01:00\">09\/12\/2020<\/time><time class=\"updated cmt-hide\" datetime=\"2021-12-29T09:17:39+01:00\">29\/12\/2121<\/time><\/a><\/span><span class=\"cmt-meta-line cat-links\"><i class=\"fa fa-tags\"><\/i> <span class=\"screen-reader-text cmt-hide\">Categories <\/span><a href=\"https:\/\/agenceweb.digital\/?cat=1\" rel=\"category\">Actualit\u00e9s<\/a><\/span><\/div><\/div>\t\t\t\t<\/div>\t\n\t\t\t\t<div class=\"entry-header\">\n\t\t\t\t   <div class=\"cymolthemes-box-title\"><h4><a href=\"https:\/\/agenceweb.digital\/?p=1883\">Le r\u00e9f\u00e9rencement, c&rsquo;est quoi ?<\/a><\/h4><\/div>\t\n\t\t\t\t<\/div>\n\t\t\t\t\t\t<div class=\"cymolthemes-box-desc-text\">Tout savoir sur le r\u00e9f\u00e9rencement Le r\u00e9f\u00e9rencement en quelques phrases&nbsp;: Le&nbsp;r\u00e9f\u00e9rence...<\/div>\t\t\t\t\t\t\n\t\t\t<\/div>\n        <\/div>\n\t<\/div>\n<\/article>\n<\/div>\n\t\t\t<\/div>\n\t\t<div class=\"clearfix\"><\/div><\/div><!-- .cymolthemes-boxes-inner -->   <\/div><!-- .cymolthemes-boxes -->  [\/vc_column][\/vc_row]<\/p>\n","protected":false},"excerpt":{"rendered":"<p>[vc_row][vc_column][\/vc_column][\/vc_row]<\/p>\n","protected":false},"author":2,"featured_media":0,"parent":0,"menu_order":0,"comment_status":"closed","ping_status":"closed","template":"","meta":{"footnotes":""},"class_list":["post-2263","page","type-page","status-publish","hentry"],"yoast_head":"<!-- This site is optimized with the Yoast SEO plugin v17.8 - https:\/\/yoast.com\/wordpress\/plugins\/seo\/ -->\n<title>Actualit\u00e9s - ExpoDispo Agency<\/title>\n<meta name=\"robots\" content=\"index, follow, max-snippet:-1, max-image-preview:large, max-video-preview:-1\" \/>\n<link rel=\"canonical\" href=\"https:\/\/agenceweb.digital\/?page_id=2263\" \/>\n<meta property=\"og:locale\" content=\"fr_FR\" \/>\n<meta property=\"og:type\" content=\"article\" \/>\n<meta property=\"og:title\" content=\"Actualit\u00e9s - ExpoDispo Agency\" \/>\n<meta property=\"og:description\" content=\"[vc_row][vc_column][\/vc_column][\/vc_row]\" \/>\n<meta property=\"og:url\" content=\"https:\/\/agenceweb.digital\/?page_id=2263\" \/>\n<meta property=\"og:site_name\" content=\"ExpoDispo Agency\" \/>\n<meta property=\"article:modified_time\" content=\"2021-12-30T11:19:40+00:00\" \/>\n<meta name=\"twitter:card\" content=\"summary_large_image\" \/>\n<script type=\"application\/ld+json\" class=\"yoast-schema-graph\">{\"@context\":\"https:\/\/schema.org\",\"@graph\":[{\"@type\":\"WebSite\",\"@id\":\"https:\/\/agenceweb.digital\/#website\",\"url\":\"https:\/\/agenceweb.digital\/\",\"name\":\"ExpoDispo Agency\",\"description\":\"Cr\\u00e9ations web &amp; formations entrepreneurs\",\"potentialAction\":[{\"@type\":\"SearchAction\",\"target\":{\"@type\":\"EntryPoint\",\"urlTemplate\":\"https:\/\/agenceweb.digital\/?s={search_term_string}\"},\"query-input\":\"required name=search_term_string\"}],\"inLanguage\":\"fr-FR\"},{\"@type\":\"WebPage\",\"@id\":\"https:\/\/agenceweb.digital\/?page_id=2263#webpage\",\"url\":\"https:\/\/agenceweb.digital\/?page_id=2263\",\"name\":\"Actualit\\u00e9s - ExpoDispo Agency\",\"isPartOf\":{\"@id\":\"https:\/\/agenceweb.digital\/#website\"},\"datePublished\":\"2021-12-30T11:11:47+00:00\",\"dateModified\":\"2021-12-30T11:19:40+00:00\",\"breadcrumb\":{\"@id\":\"https:\/\/agenceweb.digital\/?page_id=2263#breadcrumb\"},\"inLanguage\":\"fr-FR\",\"potentialAction\":[{\"@type\":\"ReadAction\",\"target\":[\"https:\/\/agenceweb.digital\/?page_id=2263\"]}]},{\"@type\":\"BreadcrumbList\",\"@id\":\"https:\/\/agenceweb.digital\/?page_id=2263#breadcrumb\",\"itemListElement\":[{\"@type\":\"ListItem\",\"position\":1,\"name\":\"Accueil\",\"item\":\"https:\/\/agenceweb.digital\/\"},{\"@type\":\"ListItem\",\"position\":2,\"name\":\"Actualit\\u00e9s\"}]}]}<\/script>\n<!-- \/ Yoast SEO plugin. -->","yoast_head_json":{"title":"Actualit\u00e9s - ExpoDispo Agency","robots":{"index":"index","follow":"follow","max-snippet":"max-snippet:-1","max-image-preview":"max-image-preview:large","max-video-preview":"max-video-preview:-1"},"canonical":"https:\/\/agenceweb.digital\/?page_id=2263","og_locale":"fr_FR","og_type":"article","og_title":"Actualit\u00e9s - ExpoDispo Agency","og_description":"[vc_row][vc_column][\/vc_column][\/vc_row]","og_url":"https:\/\/agenceweb.digital\/?page_id=2263","og_site_name":"ExpoDispo Agency","article_modified_time":"2021-12-30T11:19:40+00:00","twitter_card":"summary_large_image","schema":{"@context":"https:\/\/schema.org","@graph":[{"@type":"WebSite","@id":"https:\/\/agenceweb.digital\/#website","url":"https:\/\/agenceweb.digital\/","name":"ExpoDispo Agency","description":"Cr\u00e9ations web &amp; formations entrepreneurs","potentialAction":[{"@type":"SearchAction","target":{"@type":"EntryPoint","urlTemplate":"https:\/\/agenceweb.digital\/?s={search_term_string}"},"query-input":"required name=search_term_string"}],"inLanguage":"fr-FR"},{"@type":"WebPage","@id":"https:\/\/agenceweb.digital\/?page_id=2263#webpage","url":"https:\/\/agenceweb.digital\/?page_id=2263","name":"Actualit\u00e9s - ExpoDispo Agency","isPartOf":{"@id":"https:\/\/agenceweb.digital\/#website"},"datePublished":"2021-12-30T11:11:47+00:00","dateModified":"2021-12-30T11:19:40+00:00","breadcrumb":{"@id":"https:\/\/agenceweb.digital\/?page_id=2263#breadcrumb"},"inLanguage":"fr-FR","potentialAction":[{"@type":"ReadAction","target":["https:\/\/agenceweb.digital\/?page_id=2263"]}]},{"@type":"BreadcrumbList","@id":"https:\/\/agenceweb.digital\/?page_id=2263#breadcrumb","itemListElement":[{"@type":"ListItem","position":1,"name":"Accueil","item":"https:\/\/agenceweb.digital\/"},{"@type":"ListItem","position":2,"name":"Actualit\u00e9s"}]}]}},"_links":{"self":[{"href":"https:\/\/agenceweb.digital\/index.php?rest_route=\/wp\/v2\/pages\/2263","targetHints":{"allow":["GET"]}}],"collection":[{"href":"https:\/\/agenceweb.digital\/index.php?rest_route=\/wp\/v2\/pages"}],"about":[{"href":"https:\/\/agenceweb.digital\/index.php?rest_route=\/wp\/v2\/types\/page"}],"author":[{"embeddable":true,"href":"https:\/\/agenceweb.digital\/index.php?rest_route=\/wp\/v2\/users\/2"}],"replies":[{"embeddable":true,"href":"https:\/\/agenceweb.digital\/index.php?rest_route=%2Fwp%2Fv2%2Fcomments&post=2263"}],"version-history":[{"count":4,"href":"https:\/\/agenceweb.digital\/index.php?rest_route=\/wp\/v2\/pages\/2263\/revisions"}],"predecessor-version":[{"id":2267,"href":"https:\/\/agenceweb.digital\/index.php?rest_route=\/wp\/v2\/pages\/2263\/revisions\/2267"}],"wp:attachment":[{"href":"https:\/\/agenceweb.digital\/index.php?rest_route=%2Fwp%2Fv2%2Fmedia&parent=2263"}],"curies":[{"name":"wp","href":"https:\/\/api.w.org\/{rel}","templated":true}]}}