{"id":2410,"date":"2022-01-05T15:54:09","date_gmt":"2022-01-05T14:54:09","guid":{"rendered":"https:\/\/webdevconsulting.fr\/projet16\/?page_id=2410"},"modified":"2022-01-06T11:56:50","modified_gmt":"2022-01-06T10:56:50","slug":"realisations","status":"publish","type":"page","link":"https:\/\/agenceweb.digital\/?page_id=2410","title":{"rendered":"R\u00e9alisations"},"content":{"rendered":"<p>[vc_row][vc_column]<div class=\"cymolthemes-boxes cymolthemes-boxes-service cymolthemes-boxes-view-default cymolthemes-boxes-col-three cymolthemes-boxes-sortable-no cymolthemes-boxes-textalign-center cmt-sboxcta3-rev-heading\">\n\t\t<div class=\"cymolthemes-boxes-inner cymolthemes-boxes-service-inner \"><div class=\"cymolthemes-box-heading-wrapper cmt-sboxelement-align-center\"><div class=\"cmt-element-heading-wrapper cmt-sboxheading-inner cmt-sboxelement-align-center cmt-seperator-none cmt-sboxheading-style-horizontal \"><section class=\"cmt-sboxvc_cta3-container\"><div class=\"cmt-vc_general cmt-sboxvc_cta3 cmt-sboxcta3-only cmt-sboxvc_cta3-style-classic cmt-sboxvc_cta3-shape-rounded cmt-sboxvc_cta3-align-center cmt-sboxvc_cta3-color-transparent cmt-sboxvc_cta3-icon-size-md cmt-sboxvc_cta3-actions-no cmt-sboxcta3-with-desc\"><div class=\"cmt-vc_cta3_content-container\"><div class=\"cmt-vc_cta3-content\"><header class=\"cmt-vc_cta3-content-header cmt-section-wrapper cmt-sboxoverlay-heading\"><div class=\"cmt-sboxvc_cta3-headers cmt-section-wrapper-cell\"><h5 class=\"cmt-custom-heading \" >AGENCE WEB<\/h5>\n<h4 class=\"cmt-custom-heading \" >PROJETS<\/h4>\n<h2 class=\"cmt-custom-heading \" >Toutes nos r\u00e9alisations digitales<\/h2>\n<\/div><div class=\"heading-seperator\"><span><\/span><\/div><\/header><div class=\"cmt-sboxcta3-content-wrapper\">\n<p style=\"text-align: justify;\">Nous savons que votre projet digital vous tient \u00e0 coeur. Nous mettons donc \u00e0 votre enti\u00e8re disposition tous les projets que nous avons r\u00e9alis\u00e9s. La transparence avec nos collaborateurs est primordiale, il est donc important que vous preniez connaissance du travail que nous r\u00e9alisons pour nos clients.<\/p>\n<p><\/div><\/div><\/div><\/div><\/section><\/div> <!-- .cmt-element-heading-wrapper container --> <\/div> <!-- .cmt-element-heading-wrapper container --> \n\t\t\t\n\t\t\t<div class=\"row multi-columns-row cymolthemes-boxes-row-wrapper\">\n\t\t\t\t<div class=\"cmt-sboxbox-col-wrapper col-lg-4 col-sm-6 col-md-4 col-xs-12 \"><article class=\"cymolthemes-box cymolthemes-box-service cymolthemes-servicebox-stylethree \">\n\t     <div class=\"cymolthemes-post-item\">\n\t\t\t\t<div class=\"cymolthemes-post-item-inner\">\n\t\t\t\t\t<div class=\"cmt-sboxfeatured-wrapper cmt-sboxcmt_service-featured-wrapper\"><a href=\"https:\/\/agenceweb.digital\/?cmt_service=nos-realisations-site-internet\"><img loading=\"lazy\" decoding=\"async\" width=\"730\" height=\"565\" src=\"https:\/\/agenceweb.digital\/wp-content\/uploads\/2020\/11\/czSC-730x565.jpeg\" class=\"attachment-cymolthemes-img-service-one size-cymolthemes-img-service-one wp-post-image\" alt=\"\" srcset=\"https:\/\/agenceweb.digital\/wp-content\/uploads\/2020\/11\/czSC-730x565.jpeg 730w, https:\/\/agenceweb.digital\/wp-content\/uploads\/2020\/11\/czSC-221x171.jpeg 221w\" sizes=\"auto, (max-width: 730px) 100vw, 730px\" data-id=\"2471\" \/><\/a><\/div>\t\t\t\t<\/div>\n\t\t\t\t<div class=\"cymolthemes-content-inner\">\t\n\t\t\t\t\t<div class=\"cmt-service-iconbox\"><div class=\"cmt-service-iconbox\"><span class=\"cmt-service-icon\"><i class=\"themifyicon ti-desktop\"><\/i><\/span><\/div><\/div>\n\t\t\t\t\t<div class=\"cymolthemes-box-bottom-content\">\n\t\t\t\t\t    <div class=\"cymolthemes-box-title\"><h4><a href=\"https:\/\/agenceweb.digital\/?cmt_service=nos-realisations-site-internet\">Projets &#8211; Site internet &#038; identit\u00e9 visuelle<\/a><\/h4><\/div>                         <div class=\"cymolthemes-box-desc\">\n\t\t\t\t\t\t\t\t<p>D\u00e9couvrez nos r\u00e9alisations.<\/p>\n\t\t\t\t\t\t<\/div>\n                    <\/div>\n\t\t\t\t    <div class=\"cymolthemes-servicebox-readmore\">\n\t\t\t\t\t\t<a href=\"https:\/\/agenceweb.digital\/?cmt_service=nos-realisations-site-internet\">En savoir plus<\/a>\t\t\t\t    <\/div>\t\t\t\t\t\t\n\t\t\t\t<\/div>\n\t\t<\/div>\n\n<\/article><\/div><div class=\"cmt-sboxbox-col-wrapper col-lg-4 col-sm-6 col-md-4 col-xs-12 \"><article class=\"cymolthemes-box cymolthemes-box-service cymolthemes-servicebox-stylethree \">\n\t     <div class=\"cymolthemes-post-item\">\n\t\t\t\t<div class=\"cymolthemes-post-item-inner\">\n\t\t\t\t\t<div class=\"cmt-sboxfeatured-wrapper cmt-sboxcmt_service-featured-wrapper\"><a href=\"https:\/\/agenceweb.digital\/?cmt_service=nos-realisations-creation-numerique\"><img loading=\"lazy\" decoding=\"async\" width=\"730\" height=\"565\" src=\"https:\/\/agenceweb.digital\/wp-content\/uploads\/2020\/11\/photo-1487058792275-0ad4aaf24ca7-730x565.jpeg\" class=\"attachment-cymolthemes-img-service-one size-cymolthemes-img-service-one wp-post-image\" alt=\"\" srcset=\"https:\/\/agenceweb.digital\/wp-content\/uploads\/2020\/11\/photo-1487058792275-0ad4aaf24ca7-730x565.jpeg 730w, https:\/\/agenceweb.digital\/wp-content\/uploads\/2020\/11\/photo-1487058792275-0ad4aaf24ca7-221x171.jpeg 221w\" sizes=\"auto, (max-width: 730px) 100vw, 730px\" data-id=\"2478\" \/><\/a><\/div>\t\t\t\t<\/div>\n\t\t\t\t<div class=\"cymolthemes-content-inner\">\t\n\t\t\t\t\t<div class=\"cmt-service-iconbox\"><div class=\"cmt-service-iconbox\"><span class=\"cmt-service-icon\"><i class=\"themifyicon ti-bar-chart\"><\/i><\/span><\/div><\/div>\n\t\t\t\t\t<div class=\"cymolthemes-box-bottom-content\">\n\t\t\t\t\t    <div class=\"cymolthemes-box-title\"><h4><a href=\"https:\/\/agenceweb.digital\/?cmt_service=nos-realisations-creation-numerique\">Projets &#8211; Cr\u00e9ation num\u00e9rique<\/a><\/h4><\/div>                         <div class=\"cymolthemes-box-desc\">\n\t\t\t\t\t\t\t\t<p>D\u00e9couvrez nos innovations.<\/p>\n\t\t\t\t\t\t<\/div>\n                    <\/div>\n\t\t\t\t    <div class=\"cymolthemes-servicebox-readmore\">\n\t\t\t\t\t\t<a href=\"https:\/\/agenceweb.digital\/?cmt_service=nos-realisations-creation-numerique\">En savoir plus<\/a>\t\t\t\t    <\/div>\t\t\t\t\t\t\n\t\t\t\t<\/div>\n\t\t<\/div>\n\n<\/article><\/div><div class=\"cmt-sboxbox-col-wrapper col-lg-4 col-sm-6 col-md-4 col-xs-12 \"><article class=\"cymolthemes-box cymolthemes-box-service cymolthemes-servicebox-stylethree \">\n\t     <div class=\"cymolthemes-post-item\">\n\t\t\t\t<div class=\"cymolthemes-post-item-inner\">\n\t\t\t\t\t<div class=\"cmt-sboxfeatured-wrapper cmt-sboxcmt_service-featured-wrapper\"><a href=\"https:\/\/agenceweb.digital\/?cmt_service=nos-realisations-creation-produit\"><img loading=\"lazy\" decoding=\"async\" width=\"400\" height=\"340\" src=\"https:\/\/agenceweb.digital\/wp-content\/uploads\/2020\/11\/20211110_114705-e1641466689415.jpg\" class=\"attachment-cymolthemes-img-service-one size-cymolthemes-img-service-one wp-post-image\" alt=\"\" data-id=\"2464\" \/><\/a><\/div>\t\t\t\t<\/div>\n\t\t\t\t<div class=\"cymolthemes-content-inner\">\t\n\t\t\t\t\t<div class=\"cmt-service-iconbox\"><div class=\"cmt-service-iconbox\"><span class=\"cmt-service-icon\"><i class=\"themifyicon ti-gift\"><\/i><\/span><\/div><\/div>\n\t\t\t\t\t<div class=\"cymolthemes-box-bottom-content\">\n\t\t\t\t\t    <div class=\"cymolthemes-box-title\"><h4><a href=\"https:\/\/agenceweb.digital\/?cmt_service=nos-realisations-creation-produit\">Projets &#8211; Cr\u00e9ation de produit<\/a><\/h4><\/div>                         <div class=\"cymolthemes-box-desc\">\n\t\t\t\t\t\t\t\t<p>D\u00e9couvrez nos cr\u00e9ations.<\/p>\n\t\t\t\t\t\t<\/div>\n                    <\/div>\n\t\t\t\t    <div class=\"cymolthemes-servicebox-readmore\">\n\t\t\t\t\t\t<a href=\"https:\/\/agenceweb.digital\/?cmt_service=nos-realisations-creation-produit\">En savoir plus<\/a>\t\t\t\t    <\/div>\t\t\t\t\t\t\n\t\t\t\t<\/div>\n\t\t<\/div>\n\n<\/article><\/div>\n\t\t\t<\/div>\n\t\t<\/div><!-- .cymolthemes-boxes-inner -->   <\/div><!-- .cymolthemes-boxes -->  [\/vc_column][\/vc_row]<\/p>\n","protected":false},"excerpt":{"rendered":"<p>[vc_row][vc_column][\/vc_column][\/vc_row]<\/p>\n","protected":false},"author":2,"featured_media":0,"parent":0,"menu_order":0,"comment_status":"closed","ping_status":"closed","template":"","meta":{"footnotes":""},"class_list":["post-2410","page","type-page","status-publish","hentry"],"yoast_head":"<!-- This site is optimized with the Yoast SEO plugin v17.8 - https:\/\/yoast.com\/wordpress\/plugins\/seo\/ -->\n<title>Les projets r\u00e9alis\u00e9s - ExpoDispo Agency - Agence Web<\/title>\n<meta name=\"description\" content=\"Tous nos projets \u00e0 votre disposition. Nos r\u00e9alisations de site internet, d&#039;identit\u00e9 visuelle &amp; de projets num\u00e9riques.\" \/>\n<meta name=\"robots\" content=\"index, follow, max-snippet:-1, max-image-preview:large, max-video-preview:-1\" \/>\n<link rel=\"canonical\" href=\"https:\/\/agenceweb.digital\/?page_id=2410\" \/>\n<meta property=\"og:locale\" content=\"fr_FR\" \/>\n<meta property=\"og:type\" content=\"article\" \/>\n<meta property=\"og:title\" content=\"Les projets r\u00e9alis\u00e9s - ExpoDispo Agency - Agence Web\" \/>\n<meta property=\"og:description\" content=\"Tous nos projets \u00e0 votre disposition. Nos r\u00e9alisations de site internet, d&#039;identit\u00e9 visuelle &amp; de projets num\u00e9riques.\" \/>\n<meta property=\"og:url\" content=\"https:\/\/agenceweb.digital\/?page_id=2410\" \/>\n<meta property=\"og:site_name\" content=\"ExpoDispo Agency\" \/>\n<meta property=\"article:modified_time\" content=\"2022-01-06T10:56:50+00:00\" \/>\n<meta name=\"twitter:card\" content=\"summary_large_image\" \/>\n<meta name=\"twitter:label1\" content=\"Dur\u00e9e de lecture estim\u00e9e\" \/>\n\t<meta name=\"twitter:data1\" content=\"1 minute\" \/>\n<script type=\"application\/ld+json\" class=\"yoast-schema-graph\">{\"@context\":\"https:\/\/schema.org\",\"@graph\":[{\"@type\":\"WebSite\",\"@id\":\"https:\/\/agenceweb.digital\/#website\",\"url\":\"https:\/\/agenceweb.digital\/\",\"name\":\"ExpoDispo Agency\",\"description\":\"Cr\\u00e9ations web &amp; formations entrepreneurs\",\"potentialAction\":[{\"@type\":\"SearchAction\",\"target\":{\"@type\":\"EntryPoint\",\"urlTemplate\":\"https:\/\/agenceweb.digital\/?s={search_term_string}\"},\"query-input\":\"required name=search_term_string\"}],\"inLanguage\":\"fr-FR\"},{\"@type\":\"WebPage\",\"@id\":\"https:\/\/agenceweb.digital\/?page_id=2410#webpage\",\"url\":\"https:\/\/agenceweb.digital\/?page_id=2410\",\"name\":\"Les projets r\\u00e9alis\\u00e9s - ExpoDispo Agency - Agence Web\",\"isPartOf\":{\"@id\":\"https:\/\/agenceweb.digital\/#website\"},\"datePublished\":\"2022-01-05T14:54:09+00:00\",\"dateModified\":\"2022-01-06T10:56:50+00:00\",\"description\":\"Tous nos projets \\u00e0 votre disposition. Nos r\\u00e9alisations de site internet, d'identit\\u00e9 visuelle & de projets num\\u00e9riques.\",\"breadcrumb\":{\"@id\":\"https:\/\/agenceweb.digital\/?page_id=2410#breadcrumb\"},\"inLanguage\":\"fr-FR\",\"potentialAction\":[{\"@type\":\"ReadAction\",\"target\":[\"https:\/\/agenceweb.digital\/?page_id=2410\"]}]},{\"@type\":\"BreadcrumbList\",\"@id\":\"https:\/\/agenceweb.digital\/?page_id=2410#breadcrumb\",\"itemListElement\":[{\"@type\":\"ListItem\",\"position\":1,\"name\":\"Accueil\",\"item\":\"https:\/\/agenceweb.digital\/\"},{\"@type\":\"ListItem\",\"position\":2,\"name\":\"R\\u00e9alisations\"}]}]}<\/script>\n<!-- \/ Yoast SEO plugin. -->","yoast_head_json":{"title":"Les projets r\u00e9alis\u00e9s - ExpoDispo Agency - Agence Web","description":"Tous nos projets \u00e0 votre disposition. Nos r\u00e9alisations de site internet, d'identit\u00e9 visuelle & de projets num\u00e9riques.","robots":{"index":"index","follow":"follow","max-snippet":"max-snippet:-1","max-image-preview":"max-image-preview:large","max-video-preview":"max-video-preview:-1"},"canonical":"https:\/\/agenceweb.digital\/?page_id=2410","og_locale":"fr_FR","og_type":"article","og_title":"Les projets r\u00e9alis\u00e9s - ExpoDispo Agency - Agence Web","og_description":"Tous nos projets \u00e0 votre disposition. Nos r\u00e9alisations de site internet, d'identit\u00e9 visuelle & de projets num\u00e9riques.","og_url":"https:\/\/agenceweb.digital\/?page_id=2410","og_site_name":"ExpoDispo Agency","article_modified_time":"2022-01-06T10:56:50+00:00","twitter_card":"summary_large_image","twitter_misc":{"Dur\u00e9e de lecture estim\u00e9e":"1 minute"},"schema":{"@context":"https:\/\/schema.org","@graph":[{"@type":"WebSite","@id":"https:\/\/agenceweb.digital\/#website","url":"https:\/\/agenceweb.digital\/","name":"ExpoDispo Agency","description":"Cr\u00e9ations web &amp; formations entrepreneurs","potentialAction":[{"@type":"SearchAction","target":{"@type":"EntryPoint","urlTemplate":"https:\/\/agenceweb.digital\/?s={search_term_string}"},"query-input":"required name=search_term_string"}],"inLanguage":"fr-FR"},{"@type":"WebPage","@id":"https:\/\/agenceweb.digital\/?page_id=2410#webpage","url":"https:\/\/agenceweb.digital\/?page_id=2410","name":"Les projets r\u00e9alis\u00e9s - ExpoDispo Agency - Agence Web","isPartOf":{"@id":"https:\/\/agenceweb.digital\/#website"},"datePublished":"2022-01-05T14:54:09+00:00","dateModified":"2022-01-06T10:56:50+00:00","description":"Tous nos projets \u00e0 votre disposition. Nos r\u00e9alisations de site internet, d'identit\u00e9 visuelle & de projets num\u00e9riques.","breadcrumb":{"@id":"https:\/\/agenceweb.digital\/?page_id=2410#breadcrumb"},"inLanguage":"fr-FR","potentialAction":[{"@type":"ReadAction","target":["https:\/\/agenceweb.digital\/?page_id=2410"]}]},{"@type":"BreadcrumbList","@id":"https:\/\/agenceweb.digital\/?page_id=2410#breadcrumb","itemListElement":[{"@type":"ListItem","position":1,"name":"Accueil","item":"https:\/\/agenceweb.digital\/"},{"@type":"ListItem","position":2,"name":"R\u00e9alisations"}]}]}},"_links":{"self":[{"href":"https:\/\/agenceweb.digital\/index.php?rest_route=\/wp\/v2\/pages\/2410","targetHints":{"allow":["GET"]}}],"collection":[{"href":"https:\/\/agenceweb.digital\/index.php?rest_route=\/wp\/v2\/pages"}],"about":[{"href":"https:\/\/agenceweb.digital\/index.php?rest_route=\/wp\/v2\/types\/page"}],"author":[{"embeddable":true,"href":"https:\/\/agenceweb.digital\/index.php?rest_route=\/wp\/v2\/users\/2"}],"replies":[{"embeddable":true,"href":"https:\/\/agenceweb.digital\/index.php?rest_route=%2Fwp%2Fv2%2Fcomments&post=2410"}],"version-history":[{"count":13,"href":"https:\/\/agenceweb.digital\/index.php?rest_route=\/wp\/v2\/pages\/2410\/revisions"}],"predecessor-version":[{"id":2582,"href":"https:\/\/agenceweb.digital\/index.php?rest_route=\/wp\/v2\/pages\/2410\/revisions\/2582"}],"wp:attachment":[{"href":"https:\/\/agenceweb.digital\/index.php?rest_route=%2Fwp%2Fv2%2Fmedia&parent=2410"}],"curies":[{"name":"wp","href":"https:\/\/api.w.org\/{rel}","templated":true}]}}