{"id":2586,"date":"2022-01-07T16:18:05","date_gmt":"2022-01-07T15:18:05","guid":{"rendered":"https:\/\/webdevconsulting.fr\/projet16\/?page_id=2586"},"modified":"2022-04-13T16:09:34","modified_gmt":"2022-04-13T14:09:34","slug":"borne-ticket-easy","status":"publish","type":"page","link":"https:\/\/agenceweb.digital\/?page_id=2586","title":{"rendered":"Ticket Easy"},"content":{"rendered":"<p>[vc_row][vc_column]<div class=\"cmt-element-heading-wrapper cmt-sboxheading-inner cmt-sboxelement-align-left cmt-seperator-none cmt-sboxheading-style-vertical \"><section class=\"cmt-sboxvc_cta3-container\"><div class=\"cmt-vc_general cmt-sboxvc_cta3 cmt-sboxcta3-only cmt-sboxvc_cta3-style-classic cmt-sboxvc_cta3-shape-rounded cmt-sboxvc_cta3-align-left cmt-sboxvc_cta3-color-transparent cmt-sboxvc_cta3-icon-size-md cmt-sboxvc_cta3-actions-no cmt-sboxcta3-with-desc\"><div class=\"cmt-vc_cta3_content-container\"><div class=\"cmt-vc_cta3-content\"><header class=\"cmt-vc_cta3-content-header cmt-section-wrapper cmt-sboxoverlay-heading\"><div class=\"cmt-sboxvc_cta3-headers cmt-section-wrapper-cell\"><h5 class=\"cmt-custom-heading \" >INNOVATION<\/h5>\n<h4 class=\"cmt-custom-heading \" >DIGITALISER LA GRANDE DISTRIBUTION<\/h4>\n<h2 class=\"cmt-custom-heading \" >UNE EXP\u00c9RIENCE CLIENT \u00c0 LA POINTE !<\/h2>\n<\/div><div class=\"heading-seperator\"><span><\/span><\/div><\/header><div class=\"cmt-sboxcta3-content-wrapper\">\n<p style=\"text-align: justify;\">La <strong>borne Ticket Easy<\/strong> est un v\u00e9ritable alli\u00e9 qui digitalise le processus de vente client avec sa navigation intuitive.<\/p>\n<p style=\"text-align: justify;\"><strong>Digitaliser l\u2019exp\u00e9rience de votre point de vente<\/strong>, c\u2019est mettre en avant une image moderne et proposer \u00e0 ses client des conseils\u00a0 sur-mesure. La <strong>borne Ticket Easy<\/strong> digitalise votre process de vente.<\/p>\n<p style=\"text-align: justify;\">Gr\u00e2ce \u00e0 cette borne vous allez mettre en avant une <strong>image jeune et connect\u00e9<\/strong>, vous allez <strong>pallier \u00e0 votre d\u00e9marche inconnue<\/strong> et offrir une <strong>exp\u00e9rience client innovante<\/strong> \u00e0 la pointe de la technologie.<\/p>\n<p><\/div><\/div><\/div><\/div><\/section><\/div> <!-- .cmt-element-heading-wrapper container --> [vc_empty_space height=\u00a0\u00bb42px\u00a0\u00bb][vc_single_image image=\u00a0\u00bb2826&Prime; img_size=\u00a0\u00bb250&#215;250&Prime; alignment=\u00a0\u00bbcenter\u00a0\u00bb][\/vc_column][\/vc_row][vc_row][vc_column width=\u00a0\u00bb1\/2&Prime;]<div class=\"cmt-element-heading-wrapper cmt-sboxheading-inner cmt-sboxelement-align-left cmt-seperator-none cmt-sboxheading-style-vertical \"><section class=\"cmt-sboxvc_cta3-container\"><div class=\"cmt-vc_general cmt-sboxvc_cta3 cmt-sboxcta3-only cmt-sboxvc_cta3-style-classic cmt-sboxvc_cta3-shape-rounded cmt-sboxvc_cta3-align-left cmt-sboxvc_cta3-color-transparent cmt-sboxvc_cta3-icon-size-md cmt-sboxvc_cta3-actions-no cmt-sboxcta3-with-desc\"><div class=\"cmt-vc_cta3_content-container\"><div class=\"cmt-vc_cta3-content\"><header class=\"cmt-vc_cta3-content-header cmt-section-wrapper cmt-sboxoverlay-heading\"><div class=\"cmt-sboxvc_cta3-headers cmt-section-wrapper-cell\"><h5 class=\"cmt-custom-heading \" >INTUITIF<\/h5>\n<h2 class=\"cmt-custom-heading \" >LA BORNE TICKET EASY<\/h2>\n<\/div><div class=\"heading-seperator\"><span><\/span><\/div><\/header><div class=\"cmt-sboxcta3-content-wrapper\">\n<p style=\"text-align: justify;\"><a href=\"http:\/\/expodispo.fr\">ExpoDispo<\/a> vous offre la possibilit\u00e9 de rejoindre la tendance du marketing num\u00e9rique.<\/p>\n<p style=\"text-align: justify;\"><strong>La borne Ticket Easy r\u00e9pond \u00e0 vos enjeux :<\/strong><\/p>\n<p><\/div><\/div><\/div><\/div><\/section><\/div> <!-- .cmt-element-heading-wrapper container --> <ul class=\"cmt-list cmt-list-style-icon cmt-list-icon-color-skincolor cmt-sbox cmt-sboxicon-skincolor cmt-list-textsize- cmt-list-icon-library-fontawesome\"><li><i class=\"cmt-skincolor fa fa-arrow-circle-o-right\"><\/i>  <span class=\"cmt-list-li-content\">Un acc\u00e8s \u00e0 une large gamme de produits<\/span><\/li><li><i class=\"cmt-skincolor fa fa-arrow-circle-o-right\"><\/i>  <span class=\"cmt-list-li-content\">Disponibilit\u00e9 de la r\u00e9serve en temps r\u00e9el<\/span><\/li><li><i class=\"cmt-skincolor fa fa-arrow-circle-o-right\"><\/i>  <span class=\"cmt-list-li-content\">Gain de place des rayons<\/span><\/li><li><i class=\"cmt-skincolor fa fa-arrow-circle-o-right\"><\/i>  <span class=\"cmt-list-li-content\">Un conseil client sur-mesure<\/span><\/li><li><i class=\"cmt-skincolor fa fa-arrow-circle-o-right\"><\/i>  <span class=\"cmt-list-li-content\">Diminution de votre d\u00e9marque inconnue<\/span><\/li><\/ul><p style=\"text-align:left;\" class=\"cmt-custom-heading \" >Optimisation du rangement, elle vous aide \u00e0 :<\/p>\n<ul class=\"cmt-list cmt-list-style-icon cmt-list-icon-color-skincolor cmt-sbox cmt-sboxicon-skincolor cmt-list-textsize- cmt-list-icon-library-fontawesome\"><li><i class=\"cmt-skincolor fa fa-caret-right\"><\/i>  <span class=\"cmt-list-li-content\">Lib\u00e9rer de l'espace dans vos armoires<\/span><\/li><li><i class=\"cmt-skincolor fa fa-caret-right\"><\/i>  <span class=\"cmt-list-li-content\">R\u00e9f\u00e9rencer chaque produit<\/span><\/li><li><i class=\"cmt-skincolor fa fa-caret-right\"><\/i>  <span class=\"cmt-list-li-content\">Organiser et optimiser le rangement<\/span><\/li><li><i class=\"cmt-skincolor fa fa-caret-right\"><\/i>  <span class=\"cmt-list-li-content\">Garder les m\u00eames emplacements<\/span><\/li><\/ul>[\/vc_column][vc_column width=\u00a0\u00bb1\/2&Prime;]<div class=\"cmt-sboxsingle-image-wrapper imagestyle-three wpb_single_image vc_align_left \"><div class=\"cmt-sboxsingle-image-inner\"><img decoding=\"async\" src=\"https:\/\/agenceweb.digital\/wp-content\/uploads\/2020\/11\/c7655353-0d25-4965-af49-977c58aa082d.jpg\" class=\"cmt-sboxsingle-image-img\" alt=\"\" \/><\/div><\/div>[\/vc_column][\/vc_row][vc_row][vc_column][vc_empty_space height=\u00a0\u00bb42px\u00a0\u00bb]<div class=\"cmt-element-heading-wrapper cmt-sboxheading-inner cmt-sboxelement-align-left cmt-seperator-none cmt-sboxheading-style-vertical \"><section class=\"cmt-sboxvc_cta3-container\"><div class=\"cmt-vc_general cmt-sboxvc_cta3 cmt-sboxcta3-only cmt-sboxvc_cta3-style-classic cmt-sboxvc_cta3-shape-rounded cmt-sboxvc_cta3-align-left cmt-sboxvc_cta3-color-transparent cmt-sboxvc_cta3-icon-size-md cmt-sboxvc_cta3-actions-no cmt-sboxcta3-with-desc\"><div class=\"cmt-vc_cta3_content-container\"><div class=\"cmt-vc_cta3-content\"><header class=\"cmt-vc_cta3-content-header cmt-section-wrapper \"><div class=\"cmt-sboxvc_cta3-headers cmt-section-wrapper-cell\"><h4 class=\"cmt-custom-heading \" >AVEC NOTRE SERVICE CL\u00c9 EN MAIN, RIEN DE PLUS SIMPLE !<\/h4>\n<h2 class=\"cmt-custom-heading \" >COMMENT FONCTIONNE LA BORNE TICKET EASY ?<\/h2>\n<\/div><div class=\"heading-seperator\"><span><\/span><\/div><\/header><div class=\"cmt-sboxcta3-content-wrapper\">\n<div class=\"cmt-element-heading-wrapper cmt-sboxheading-inner cmt-sboxelement-align-left cmt-seperator-solid cmt-sboxheading-style-vertical \">\n<section class=\"cmt-sboxvc_cta3-container\">\n<div class=\"cmt-vc_general cmt-sboxvc_cta3 cmt-sboxcta3-only cmt-sboxvc_cta3-style-classic cmt-sboxvc_cta3-shape-rounded cmt-sboxvc_cta3-align-left cmt-sboxvc_cta3-color-transparent cmt-sboxvc_cta3-icon-size-md cmt-sboxvc_cta3-actions-no cmt-sboxcta3-with-desc\">\n<div class=\"cmt-vc_cta3_content-container\">\n<div class=\"cmt-vc_cta3-content\">\n<div class=\"cmt-sboxcta3-content-wrapper\">\n<p style=\"text-align: justify;\">Le fonctionnement de la borne retail int\u00e9lligente est tr\u00e8s simple :<\/p>\n<ul>\n<li style=\"text-align: justify;\">Elle requiert seulement d\u2019une prise de courant et d\u2019un acc\u00e8s internet.<\/li>\n<li style=\"text-align: justify;\">Vous pouvez consulter le contenu qui vous convient simplement en vous connectant.<\/li>\n<li style=\"text-align: justify;\">Notre terminal est \u00e9quip\u00e9 d\u2019un mini-ordinateur intelligent pour h\u00e9berger des applications fonctionnelles exclusivement \u00e0 votre usage.<\/li>\n<\/ul>\n<\/div>\n<\/div>\n<\/div>\n<\/div>\n<\/section>\n<\/div>\n<p><\/div><\/div><\/div><\/div><\/section><\/div> <!-- .cmt-element-heading-wrapper container --> <div class=\"cymolthemes-boxes-row-wrapper cmt-processbox-wrapper processbox-style1\">\n\t\t\t\t\t\t<div class=\"cmt-processbox\">\n\t\t\t\t\t\t\t<div class=\"cmt-box-iconbox\"> \n\t\t\t\t\t\t\t\t\t<div class=\"cmt-process-icon\">\n\t\t\t\t\t\t\t\t\t<div class=\"cmt-vc_icon_element cmt-vc_icon_element-outer cmt-vc_icon_element-align-left \"><div class=\"cmt-vc_icon_element-inner  cmt-vc_icon_element-color-skincolor cmt-vc_icon_element-size-md cmt-vc_icon_element-style- cmt-vc_icon_element-background-color-grey\" ><span class=\"cmt-vc_icon_element-icon fa fa-heart\" ><\/span><\/div><\/div>\n\t\t\t\t\t\t\t\t\t<div class=\"process-num\"><span class=\"number\">01<\/span><\/div>\n\t\t\t\t\t\t\t\t\t<\/div>\t\t\t\t\t\t\t\t\n\t\t\t\t\t\t\t<\/div>\n\t\t\t\t\t\t\t<div class=\"cmt-box-content\" >\n\t\t\t\t\t\t\t\t<div class=\"cmt-box-title\"><h5>\u00c9tape 1<\/h5><\/div>\n\t\t\t\t\t\t\t\t<div class=\"cmt-box-description\">Conseil et s\u00e9lection du produit<\/div>\n\t\t\t\t\t\t\t<\/div>\n\t\t\t\t\t\t<\/div>\n\t\t\t\t\t\t\n\t\t\t\t\t\t<div class=\"cmt-processbox\">\n\t\t\t\t\t\t\t<div class=\"cmt-box-iconbox\"> \n\t\t\t\t\t\t\t\t\t<div class=\"cmt-process-icon\">\n\t\t\t\t\t\t\t\t\t<div class=\"cmt-vc_icon_element cmt-vc_icon_element-outer cmt-vc_icon_element-align-left \"><div class=\"cmt-vc_icon_element-inner  cmt-vc_icon_element-color-skincolor cmt-vc_icon_element-size-md cmt-vc_icon_element-style- cmt-vc_icon_element-background-color-grey\" ><span class=\"cmt-vc_icon_element-icon fa fa-ticket\" ><\/span><\/div><\/div>\n\t\t\t\t\t\t\t\t\t<div class=\"process-num\"><span class=\"number\">02<\/span><\/div>\n\t\t\t\t\t\t\t\t\t<\/div>\t\t\t\t\t\t\t\t\n\t\t\t\t\t\t\t<\/div>\n\t\t\t\t\t\t\t<div class=\"cmt-box-content\" >\n\t\t\t\t\t\t\t\t<div class=\"cmt-box-title\"><h5>\u00c9tape 2<\/h5><\/div>\n\t\t\t\t\t\t\t\t<div class=\"cmt-box-description\">R\u00e9cup\u00e9ration du ticket et paiement en caisse<\/div>\n\t\t\t\t\t\t\t<\/div>\n\t\t\t\t\t\t<\/div>\n\t\t\t\t\t\t\n\t\t\t\t\t\t<div class=\"cmt-processbox\">\n\t\t\t\t\t\t\t<div class=\"cmt-box-iconbox\"> \n\t\t\t\t\t\t\t\t\t<div class=\"cmt-process-icon\">\n\t\t\t\t\t\t\t\t\t<div class=\"cmt-vc_icon_element cmt-vc_icon_element-outer cmt-vc_icon_element-align-left \"><div class=\"cmt-vc_icon_element-inner  cmt-vc_icon_element-color-skincolor cmt-vc_icon_element-size-md cmt-vc_icon_element-style- cmt-vc_icon_element-background-color-grey\" ><span class=\"cmt-vc_icon_element-icon fa fa-shopping-cart\" ><\/span><\/div><\/div>\n\t\t\t\t\t\t\t\t\t<div class=\"process-num\"><span class=\"number\">03<\/span><\/div>\n\t\t\t\t\t\t\t\t\t<\/div>\t\t\t\t\t\t\t\t\n\t\t\t\t\t\t\t<\/div>\n\t\t\t\t\t\t\t<div class=\"cmt-box-content\" >\n\t\t\t\t\t\t\t\t<div class=\"cmt-box-title\"><h5>\u00c9tape 3<\/h5><\/div>\n\t\t\t\t\t\t\t\t<div class=\"cmt-box-description\">R\u00e9cup\u00e9ration du produit \u00e0 la caisse !<\/div>\n\t\t\t\t\t\t\t<\/div>\n\t\t\t\t\t\t<\/div>\n\t\t\t\t\t\t<\/div>[\/vc_column][\/vc_row][vc_row][vc_column][vc_empty_space height=\u00a0\u00bb42px\u00a0\u00bb][vc_empty_space]<div class=\"cmt-element-heading-wrapper cmt-sboxheading-inner cmt-sboxelement-align-left cmt-seperator-none cmt-sboxheading-style-vertical \"><section class=\"cmt-sboxvc_cta3-container\"><div class=\"cmt-vc_general cmt-sboxvc_cta3 cmt-sboxcta3-only cmt-sboxvc_cta3-style-classic cmt-sboxvc_cta3-shape-rounded cmt-sboxvc_cta3-align-left cmt-sboxvc_cta3-color-transparent cmt-sboxvc_cta3-icon-size-md cmt-sboxvc_cta3-actions-no cmt-sboxcta3-without-desc\"><div class=\"cmt-vc_cta3_content-container\"><div class=\"cmt-vc_cta3-content\"><header class=\"cmt-vc_cta3-content-header cmt-section-wrapper cmt-sboxoverlay-heading\"><div class=\"cmt-sboxvc_cta3-headers cmt-section-wrapper-cell\"><h5 class=\"cmt-custom-heading \" >SOLUTION DIGITALE<\/h5>\n<h2 class=\"cmt-custom-heading \" >VOUS SOUHAITEZ<\/h2>\n<\/div><div class=\"heading-seperator\"><span><\/span><\/div><\/header><\/div><\/div><\/div><\/section><\/div> <!-- .cmt-element-heading-wrapper container --> <h4 style=\"text-align:left;\" class=\"cmt-custom-heading \" >Digitaliser votre processus de vente :<\/h4>\n<ul class=\"cmt-list cmt-list-style-icon cmt-list-icon-color-skincolor cmt-sbox cmt-sboxicon-skincolor cmt-list-textsize- cmt-list-icon-library-fontawesome\"><li><i class=\"cmt-skincolor fa fa-arrow-circle-o-right\"><\/i>  <span class=\"cmt-list-li-content\">Supprimer la d\u00e9marque inconnue dans les rayons<\/span><\/li><li><i class=\"cmt-skincolor fa fa-arrow-circle-o-right\"><\/i>  <span class=\"cmt-list-li-content\">Agrandir le magasin et la profondeur de gamme sans autorisation, sans CAPEX, ni loyer : R\u00e9allouer les rayons<\/span><\/li><li><i class=\"cmt-skincolor fa fa-arrow-circle-o-right\"><\/i>  <span class=\"cmt-list-li-content\">D\u00e9velopper le service et conseil client sans vendeur<\/span><\/li><li><i class=\"cmt-skincolor fa fa-arrow-circle-o-right\"><\/i>  <span class=\"cmt-list-li-content\">Attirer l\u2019attention sur vos produits pour d\u00e9velopper vos ventes<\/span><\/li><li><i class=\"cmt-skincolor fa fa-arrow-circle-o-right\"><\/i>  <span class=\"cmt-list-li-content\">Augmenter la visibilit\u00e9 en captivant les clients sur le lieu de vente<\/span><\/li><li><i class=\"cmt-skincolor fa fa-arrow-circle-o-right\"><\/i>  <span class=\"cmt-list-li-content\">Cr\u00e9er du divertissement<\/span><\/li><li><i class=\"cmt-skincolor fa fa-arrow-circle-o-right\"><\/i>  <span class=\"cmt-list-li-content\">G\u00e9n\u00e9rer du trafic<\/span><\/li><li><i class=\"cmt-skincolor fa fa-arrow-circle-o-right\"><\/i>  <span class=\"cmt-list-li-content\">Fid\u00e9liser la client\u00e8le<\/span><\/li><\/ul>[vc_btn title=\u00a0\u00bbContactez-nous d\u00e8s maintenant !\u00a0\u00bb color=\u00a0\u00bbprimary\u00a0\u00bb link=\u00a0\u00bburl:https%3A%2F%2Fwebdevconsulting.fr%2Fprojet16%2Fcontactez-nous%2F|title:Nous%20contacter\u00a0\u00bb][\/vc_column][\/vc_row]<\/p>\n","protected":false},"excerpt":{"rendered":"<p>[vc_row][vc_column][vc_empty_space height=\u00a0\u00bb42px\u00a0\u00bb][vc_single_image image=\u00a0\u00bb2826&Prime; img_size=\u00a0\u00bb250&#215;250&Prime; alignment=\u00a0\u00bbcenter\u00a0\u00bb][\/vc_column][\/vc_row][vc_row][vc_column width=\u00a0\u00bb1\/2&Prime;][\/vc_column][vc_column width=\u00a0\u00bb1\/2&Prime;][\/vc_column][\/vc_row][vc_row][vc_column][vc_empty_space height=\u00a0\u00bb42px\u00a0\u00bb][\/vc_column][\/vc_row][vc_row][vc_column][vc_empty_space height=\u00a0\u00bb42px\u00a0\u00bb][vc_empty_space][vc_btn title=\u00a0\u00bbContactez-nous d\u00e8s maintenant !\u00a0\u00bb color=\u00a0\u00bbprimary\u00a0\u00bb link=\u00a0\u00bburl:https%3A%2F%2Fwebdevconsulting.fr%2Fprojet16%2Fcontactez-nous%2F|title:Nous%20contacter\u00a0\u00bb][\/vc_column][\/vc_row]<\/p>\n","protected":false},"author":3,"featured_media":0,"parent":0,"menu_order":0,"comment_status":"closed","ping_status":"closed","template":"","meta":{"footnotes":""},"class_list":["post-2586","page","type-page","status-publish","hentry"],"yoast_head":"<!-- This site is optimized with the Yoast SEO plugin v17.8 - https:\/\/yoast.com\/wordpress\/plugins\/seo\/ -->\n<title>Ticket Easy - ExpoDispo Agency<\/title>\n<meta name=\"description\" content=\"Expo-Dispo propose des bornes pour la grande distribution. Une solution digitale &amp; innovante pour limiter la d\u00e9marque inconnue.\" \/>\n<meta name=\"robots\" content=\"index, follow, max-snippet:-1, max-image-preview:large, max-video-preview:-1\" \/>\n<link rel=\"canonical\" href=\"https:\/\/agenceweb.digital\/?page_id=2586\" \/>\n<meta property=\"og:locale\" content=\"fr_FR\" \/>\n<meta property=\"og:type\" content=\"article\" \/>\n<meta property=\"og:title\" content=\"Ticket Easy - ExpoDispo Agency\" \/>\n<meta property=\"og:description\" content=\"Expo-Dispo propose des bornes pour la grande distribution. Une solution digitale &amp; innovante pour limiter la d\u00e9marque inconnue.\" \/>\n<meta property=\"og:url\" content=\"https:\/\/agenceweb.digital\/?page_id=2586\" \/>\n<meta property=\"og:site_name\" content=\"ExpoDispo Agency\" \/>\n<meta property=\"article:modified_time\" content=\"2022-04-13T14:09:34+00:00\" \/>\n<meta name=\"twitter:card\" content=\"summary_large_image\" \/>\n<meta name=\"twitter:label1\" content=\"Dur\u00e9e de lecture estim\u00e9e\" \/>\n\t<meta name=\"twitter:data1\" content=\"2 minutes\" \/>\n<script type=\"application\/ld+json\" class=\"yoast-schema-graph\">{\"@context\":\"https:\/\/schema.org\",\"@graph\":[{\"@type\":\"WebSite\",\"@id\":\"https:\/\/agenceweb.digital\/#website\",\"url\":\"https:\/\/agenceweb.digital\/\",\"name\":\"ExpoDispo Agency\",\"description\":\"Cr\\u00e9ations web &amp; formations entrepreneurs\",\"potentialAction\":[{\"@type\":\"SearchAction\",\"target\":{\"@type\":\"EntryPoint\",\"urlTemplate\":\"https:\/\/agenceweb.digital\/?s={search_term_string}\"},\"query-input\":\"required name=search_term_string\"}],\"inLanguage\":\"fr-FR\"},{\"@type\":\"WebPage\",\"@id\":\"https:\/\/agenceweb.digital\/?page_id=2586#webpage\",\"url\":\"https:\/\/agenceweb.digital\/?page_id=2586\",\"name\":\"Ticket Easy - ExpoDispo Agency\",\"isPartOf\":{\"@id\":\"https:\/\/agenceweb.digital\/#website\"},\"datePublished\":\"2022-01-07T15:18:05+00:00\",\"dateModified\":\"2022-04-13T14:09:34+00:00\",\"description\":\"Expo-Dispo propose des bornes pour la grande distribution. Une solution digitale & innovante pour limiter la d\\u00e9marque inconnue.\",\"breadcrumb\":{\"@id\":\"https:\/\/agenceweb.digital\/?page_id=2586#breadcrumb\"},\"inLanguage\":\"fr-FR\",\"potentialAction\":[{\"@type\":\"ReadAction\",\"target\":[\"https:\/\/agenceweb.digital\/?page_id=2586\"]}]},{\"@type\":\"BreadcrumbList\",\"@id\":\"https:\/\/agenceweb.digital\/?page_id=2586#breadcrumb\",\"itemListElement\":[{\"@type\":\"ListItem\",\"position\":1,\"name\":\"Accueil\",\"item\":\"https:\/\/agenceweb.digital\/\"},{\"@type\":\"ListItem\",\"position\":2,\"name\":\"Ticket Easy\"}]}]}<\/script>\n<!-- \/ Yoast SEO plugin. -->","yoast_head_json":{"title":"Ticket Easy - ExpoDispo Agency","description":"Expo-Dispo propose des bornes pour la grande distribution. Une solution digitale & innovante pour limiter la d\u00e9marque inconnue.","robots":{"index":"index","follow":"follow","max-snippet":"max-snippet:-1","max-image-preview":"max-image-preview:large","max-video-preview":"max-video-preview:-1"},"canonical":"https:\/\/agenceweb.digital\/?page_id=2586","og_locale":"fr_FR","og_type":"article","og_title":"Ticket Easy - ExpoDispo Agency","og_description":"Expo-Dispo propose des bornes pour la grande distribution. Une solution digitale & innovante pour limiter la d\u00e9marque inconnue.","og_url":"https:\/\/agenceweb.digital\/?page_id=2586","og_site_name":"ExpoDispo Agency","article_modified_time":"2022-04-13T14:09:34+00:00","twitter_card":"summary_large_image","twitter_misc":{"Dur\u00e9e de lecture estim\u00e9e":"2 minutes"},"schema":{"@context":"https:\/\/schema.org","@graph":[{"@type":"WebSite","@id":"https:\/\/agenceweb.digital\/#website","url":"https:\/\/agenceweb.digital\/","name":"ExpoDispo Agency","description":"Cr\u00e9ations web &amp; formations entrepreneurs","potentialAction":[{"@type":"SearchAction","target":{"@type":"EntryPoint","urlTemplate":"https:\/\/agenceweb.digital\/?s={search_term_string}"},"query-input":"required name=search_term_string"}],"inLanguage":"fr-FR"},{"@type":"WebPage","@id":"https:\/\/agenceweb.digital\/?page_id=2586#webpage","url":"https:\/\/agenceweb.digital\/?page_id=2586","name":"Ticket Easy - ExpoDispo Agency","isPartOf":{"@id":"https:\/\/agenceweb.digital\/#website"},"datePublished":"2022-01-07T15:18:05+00:00","dateModified":"2022-04-13T14:09:34+00:00","description":"Expo-Dispo propose des bornes pour la grande distribution. Une solution digitale & innovante pour limiter la d\u00e9marque inconnue.","breadcrumb":{"@id":"https:\/\/agenceweb.digital\/?page_id=2586#breadcrumb"},"inLanguage":"fr-FR","potentialAction":[{"@type":"ReadAction","target":["https:\/\/agenceweb.digital\/?page_id=2586"]}]},{"@type":"BreadcrumbList","@id":"https:\/\/agenceweb.digital\/?page_id=2586#breadcrumb","itemListElement":[{"@type":"ListItem","position":1,"name":"Accueil","item":"https:\/\/agenceweb.digital\/"},{"@type":"ListItem","position":2,"name":"Ticket Easy"}]}]}},"_links":{"self":[{"href":"https:\/\/agenceweb.digital\/index.php?rest_route=\/wp\/v2\/pages\/2586","targetHints":{"allow":["GET"]}}],"collection":[{"href":"https:\/\/agenceweb.digital\/index.php?rest_route=\/wp\/v2\/pages"}],"about":[{"href":"https:\/\/agenceweb.digital\/index.php?rest_route=\/wp\/v2\/types\/page"}],"author":[{"embeddable":true,"href":"https:\/\/agenceweb.digital\/index.php?rest_route=\/wp\/v2\/users\/3"}],"replies":[{"embeddable":true,"href":"https:\/\/agenceweb.digital\/index.php?rest_route=%2Fwp%2Fv2%2Fcomments&post=2586"}],"version-history":[{"count":13,"href":"https:\/\/agenceweb.digital\/index.php?rest_route=\/wp\/v2\/pages\/2586\/revisions"}],"predecessor-version":[{"id":2845,"href":"https:\/\/agenceweb.digital\/index.php?rest_route=\/wp\/v2\/pages\/2586\/revisions\/2845"}],"wp:attachment":[{"href":"https:\/\/agenceweb.digital\/index.php?rest_route=%2Fwp%2Fv2%2Fmedia&parent=2586"}],"curies":[{"name":"wp","href":"https:\/\/api.w.org\/{rel}","templated":true}]}}