{"id":2805,"date":"2022-04-13T11:11:07","date_gmt":"2022-04-13T09:11:07","guid":{"rendered":"https:\/\/agenceweb.digital\/?page_id=2805"},"modified":"2022-04-14T10:20:20","modified_gmt":"2022-04-14T08:20:20","slug":"easy-task","status":"publish","type":"page","link":"https:\/\/agenceweb.digital\/?page_id=2805","title":{"rendered":"Easy Task"},"content":{"rendered":"<p>[vc_row][vc_column]<div class=\"cmt-element-heading-wrapper cmt-sboxheading-inner cmt-sboxelement-align-left cmt-seperator-none cmt-sboxheading-style-vertical \"><section class=\"cmt-sboxvc_cta3-container\"><div class=\"cmt-vc_general cmt-sboxvc_cta3 cmt-sboxcta3-only cmt-sboxvc_cta3-style-classic cmt-sboxvc_cta3-shape-rounded cmt-sboxvc_cta3-align-left cmt-sboxvc_cta3-color-transparent cmt-sboxvc_cta3-icon-size-md cmt-sboxvc_cta3-actions-no cmt-sboxcta3-with-desc\"><div class=\"cmt-vc_cta3_content-container\"><div class=\"cmt-vc_cta3-content\"><header class=\"cmt-vc_cta3-content-header cmt-section-wrapper cmt-sboxoverlay-heading\"><div class=\"cmt-sboxvc_cta3-headers cmt-section-wrapper-cell\"><h5 class=\"cmt-custom-heading \" >INNOVATION<\/h5>\n<h4 class=\"cmt-custom-heading \" >DIGITALISER LA GRANDE DISTRIBUTION<\/h4>\n<h2 class=\"cmt-custom-heading \" >OPTIMISATION DU TEMPS<\/h2>\n<\/div><div class=\"heading-seperator\"><span><\/span><\/div><\/header><div class=\"cmt-sboxcta3-content-wrapper\">\n<p style=\"text-align: justify;\">La <strong>borne Easy Task<\/strong> est va devenir un outil indispensable pour vous et tous vos salari\u00e9s.<\/p>\n<p style=\"text-align: justify;\">Organiser, g\u00e9rer, modifier, les missions de chacun au sein de votre organisation va devenir un jeu d&rsquo;enfants en utilisant Easy Task. Une <strong>digitalisation des t\u00e2ches<\/strong> qui va permettre de<strong> gagner du temps<\/strong> en limitant le nombre de r\u00e9unions hebdomadaires. Gr\u00e2ce \u00e0 cette borne vous allez<strong> moderniser et simplifier le management<\/strong> de votre entit\u00e9 !<\/p>\n<p style=\"text-align: justify;\">La solution num\u00e9rique\u00a0<strong>Easy Task<\/strong>\u00a0a \u00e9t\u00e9 d\u00e9velopp\u00e9e pour les entreprises qui subissent une<strong>\u00a0difficult\u00e9 dans la mise en place de l\u2019organisation<\/strong>. Cette\u00a0<strong>web app<\/strong>\u00a0d\u00e9velopp\u00e9e par notre \u00e9quipe va permettre aux entreprises la cr\u00e9ation, la gestion et le suivi des t\u00e2ches en temps r\u00e9el. D\u00e9velopp\u00e9e dans un premier temps pour les magasins de la Grande Distribution, cette solution peut \u00eatre adapt\u00e9e \u00e0\u00a0<strong>tout type d\u2019entreprise<\/strong>\u00a0d\u00e9sirant am\u00e9liorer l\u2019organisation et la gestion de leur \u00e9quipe. Easy Task, contrairement \u00e0 de nombreuses applications d\u2019organisation et de gestion, est\u00a0<strong>tr\u00e8s simple d\u2019utilisation<\/strong>, et ne n\u00e9cessitera pas un changement radical au sein de votre entreprise.<\/p>\n<p><\/div><\/div><\/div><\/div><\/section><\/div> <!-- .cmt-element-heading-wrapper container --> [vc_empty_space height=\u00a0\u00bb42px\u00a0\u00bb][vc_single_image image=\u00a0\u00bb2827&Prime; img_size=\u00a0\u00bb500&#215;156&Prime; alignment=\u00a0\u00bbcenter\u00a0\u00bb][\/vc_column][\/vc_row][vc_row][vc_column width=\u00a0\u00bb1\/2&Prime;]<div class=\"cmt-element-heading-wrapper cmt-sboxheading-inner cmt-sboxelement-align-left cmt-seperator-none cmt-sboxheading-style-vertical \"><section class=\"cmt-sboxvc_cta3-container\"><div class=\"cmt-vc_general cmt-sboxvc_cta3 cmt-sboxcta3-only cmt-sboxvc_cta3-style-classic cmt-sboxvc_cta3-shape-rounded cmt-sboxvc_cta3-align-left cmt-sboxvc_cta3-color-transparent cmt-sboxvc_cta3-icon-size-md cmt-sboxvc_cta3-actions-no cmt-sboxcta3-with-desc\"><div class=\"cmt-vc_cta3_content-container\"><div class=\"cmt-vc_cta3-content\"><header class=\"cmt-vc_cta3-content-header cmt-section-wrapper cmt-sboxoverlay-heading\"><div class=\"cmt-sboxvc_cta3-headers cmt-section-wrapper-cell\"><h5 class=\"cmt-custom-heading \" >INTUITIVE<\/h5>\n<h2 class=\"cmt-custom-heading \" >LA BORNE EASY TASK<\/h2>\n<\/div><div class=\"heading-seperator\"><span><\/span><\/div><\/header><div class=\"cmt-sboxcta3-content-wrapper\">\n<p style=\"text-align: justify;\"><a href=\"http:\/\/expodispo.fr\">ExpoDispo<\/a> vous offre la possibilit\u00e9 de moderniser et digitaliser votre management.<\/p>\n<p style=\"text-align: justify;\"><strong>La borne Easy Task r\u00e9pond \u00e0 vos enjeux :<\/strong><\/p>\n<p><\/div><\/div><\/div><\/div><\/section><\/div> <!-- .cmt-element-heading-wrapper container --> <ul class=\"cmt-list cmt-list-style-icon cmt-list-icon-color-skincolor cmt-sbox cmt-sboxicon-skincolor cmt-list-textsize- cmt-list-icon-library-fontawesome\"><li><i class=\"cmt-skincolor fa fa-arrow-circle-o-right\"><\/i>  <span class=\"cmt-list-li-content\">R\u00e9duire le temps d\u00e9di\u00e9 aux r\u00e9unions<\/span><\/li><li><i class=\"cmt-skincolor fa fa-arrow-circle-o-right\"><\/i>  <span class=\"cmt-list-li-content\">Communiquer de fa\u00e7on claire avec vos \u00e9quipes<\/span><\/li><li><i class=\"cmt-skincolor fa fa-arrow-circle-o-right\"><\/i>  <span class=\"cmt-list-li-content\">Attribuer \u00e0 chaque salari\u00e9 des t\u00e2ches SMART<\/span><\/li><li><i class=\"cmt-skincolor fa fa-arrow-circle-o-right\"><\/i>  <span class=\"cmt-list-li-content\">R\u00e9tablir une \u00e9quit\u00e9 dans les t\u00e2ches<\/span><\/li><li><i class=\"cmt-skincolor fa fa-arrow-circle-o-right\"><\/i>  <span class=\"cmt-list-li-content\">Rendre autonome vos salari\u00e9s dans la gestion de leur temps de travail<\/span><\/li><\/ul><p style=\"text-align:left;\" class=\"cmt-custom-heading \" >Optimisation du management, elle va vous aider \u00e0 :<\/p>\n<ul class=\"cmt-list cmt-list-style-icon cmt-list-icon-color-skincolor cmt-sbox cmt-sboxicon-skincolor cmt-list-textsize- cmt-list-icon-library-fontawesome\"><li><i class=\"cmt-skincolor fa fa-caret-right\"><\/i>  <span class=\"cmt-list-li-content\">Organiser vos \u00e9quipes<\/span><\/li><li><i class=\"cmt-skincolor fa fa-caret-right\"><\/i>  <span class=\"cmt-list-li-content\">Attribuer les t\u00e2ches<\/span><\/li><li><i class=\"cmt-skincolor fa fa-caret-right\"><\/i>  <span class=\"cmt-list-li-content\">Optimiser votre personnel<\/span><\/li><li><i class=\"cmt-skincolor fa fa-caret-right\"><\/i>  <span class=\"cmt-list-li-content\">G\u00e9rer les t\u00e2ches attribu\u00e9es<\/span><\/li><li><i class=\"cmt-skincolor fa fa-caret-right\"><\/i>  <span class=\"cmt-list-li-content\">Avoir une visibilit\u00e9 sur les t\u00e2ches \u00e0 faire, en cours et termin\u00e9es<\/span><\/li><\/ul>[\/vc_column][vc_column width=\u00a0\u00bb1\/2&Prime;]<div class=\"cmt-sboxsingle-image-wrapper imagestyle-three wpb_single_image vc_align_left \"><div class=\"cmt-sboxsingle-image-inner\"><img decoding=\"async\" src=\"https:\/\/agenceweb.digital\/wp-content\/uploads\/2020\/11\/IMG_4060-scaled.jpg\" class=\"cmt-sboxsingle-image-img\" alt=\"\" \/><\/div><\/div>[\/vc_column][\/vc_row][vc_row][vc_column][vc_empty_space height=\u00a0\u00bb42px\u00a0\u00bb]<div class=\"cmt-element-heading-wrapper cmt-sboxheading-inner cmt-sboxelement-align-left cmt-seperator-none cmt-sboxheading-style-vertical \"><section class=\"cmt-sboxvc_cta3-container\"><div class=\"cmt-vc_general cmt-sboxvc_cta3 cmt-sboxcta3-only cmt-sboxvc_cta3-style-classic cmt-sboxvc_cta3-shape-rounded cmt-sboxvc_cta3-align-left cmt-sboxvc_cta3-color-transparent cmt-sboxvc_cta3-icon-size-md cmt-sboxvc_cta3-actions-no cmt-sboxcta3-with-desc\"><div class=\"cmt-vc_cta3_content-container\"><div class=\"cmt-vc_cta3-content\"><header class=\"cmt-vc_cta3-content-header cmt-section-wrapper \"><div class=\"cmt-sboxvc_cta3-headers cmt-section-wrapper-cell\"><h4 class=\"cmt-custom-heading \" >AVEC NOTRE SERVICE CL\u00c9 EN MAIN, RIEN DE PLUS SIMPLE !<\/h4>\n<h2 class=\"cmt-custom-heading \" >COMMENT FONCTIONNE LA BORNE TICKET EASY ?<\/h2>\n<\/div><div class=\"heading-seperator\"><span><\/span><\/div><\/header><div class=\"cmt-sboxcta3-content-wrapper\">\n<div class=\"cmt-element-heading-wrapper cmt-sboxheading-inner cmt-sboxelement-align-left cmt-seperator-solid cmt-sboxheading-style-vertical \">\n<section class=\"cmt-sboxvc_cta3-container\">\n<div class=\"cmt-vc_general cmt-sboxvc_cta3 cmt-sboxcta3-only cmt-sboxvc_cta3-style-classic cmt-sboxvc_cta3-shape-rounded cmt-sboxvc_cta3-align-left cmt-sboxvc_cta3-color-transparent cmt-sboxvc_cta3-icon-size-md cmt-sboxvc_cta3-actions-no cmt-sboxcta3-with-desc\">\n<div class=\"cmt-vc_cta3_content-container\">\n<div class=\"cmt-vc_cta3-content\">\n<div class=\"cmt-sboxcta3-content-wrapper\">\n<p style=\"text-align: justify;\">Le fonctionnement de la borne Easy Task est tr\u00e8s simple :<\/p>\n<ul>\n<li style=\"text-align: justify;\">Elle requiert seulement d\u2019une prise de courant et d\u2019un acc\u00e8s internet.<\/li>\n<li style=\"text-align: justify;\">Pour les directeurs et managers une web app est disponible (sur ordinateur ou sur t\u00e9l\u00e9phone mobile)<\/li>\n<li style=\"text-align: justify;\">Notre terminal est \u00e9quip\u00e9 d\u2019un mini-ordinateur intelligent pour h\u00e9berger des applications fonctionnelles exclusivement \u00e0 votre usage.<\/li>\n<\/ul>\n<\/div>\n<\/div>\n<\/div>\n<\/div>\n<\/section>\n<\/div>\n<p><\/div><\/div><\/div><\/div><\/section><\/div> <!-- .cmt-element-heading-wrapper container --> <div class=\"cymolthemes-box-heading-wrapper cmt-sboxelement-align-left\"><div class=\"cmt-element-heading-wrapper cmt-sboxheading-inner cmt-sboxelement-align-left cmt-seperator-none cmt-sboxheading-style-vertical \"><section class=\"cmt-sboxvc_cta3-container\"><div class=\"cmt-vc_general cmt-sboxvc_cta3 cmt-sboxcta3-only cmt-sboxvc_cta3-style-classic cmt-sboxvc_cta3-shape-rounded cmt-sboxvc_cta3-align-left cmt-sboxvc_cta3-color-transparent cmt-sboxvc_cta3-icon-size-md cmt-sboxvc_cta3-actions-no cmt-sboxcta3-without-desc\"><div class=\"cmt-vc_cta3_content-container\"><div class=\"cmt-vc_cta3-content\"><header class=\"cmt-vc_cta3-content-header cmt-section-wrapper \"><div class=\"cmt-sboxvc_cta3-headers cmt-section-wrapper-cell\"><h4 class=\"cmt-custom-heading \" >Rien de plus simple<\/h4>\n<h2 class=\"cmt-custom-heading \" >Pour les salari\u00e9s<\/h2>\n<\/div><div class=\"heading-seperator\"><span><\/span><\/div><\/header><\/div><\/div><\/div><\/section><\/div> <!-- .cmt-element-heading-wrapper container --> <\/div> <!-- .cmt-element-heading-wrapper container --> <div class=\"cymolthemes-boxes-row-wrapper cmt-processbox-wrapper processbox-style1\">\n\t\t\t\t\t\t<div class=\"cmt-processbox\">\n\t\t\t\t\t\t\t<div class=\"cmt-box-iconbox\"> \n\t\t\t\t\t\t\t\t\t<div class=\"cmt-process-icon\">\n\t\t\t\t\t\t\t\t\t<div class=\"cmt-vc_icon_element cmt-vc_icon_element-outer cmt-vc_icon_element-align-left \"><div class=\"cmt-vc_icon_element-inner  cmt-vc_icon_element-color-skincolor cmt-vc_icon_element-size-md cmt-vc_icon_element-style- cmt-vc_icon_element-background-color-grey\" ><span class=\"cmt-vc_icon_element-icon fa fa-child\" ><\/span><\/div><\/div>\n\t\t\t\t\t\t\t\t\t<div class=\"process-num\"><span class=\"number\">01<\/span><\/div>\n\t\t\t\t\t\t\t\t\t<\/div>\t\t\t\t\t\t\t\t\n\t\t\t\t\t\t\t<\/div>\n\t\t\t\t\t\t\t<div class=\"cmt-box-content\" >\n\t\t\t\t\t\t\t\t<div class=\"cmt-box-title\"><h5>\u00c9tape 1<\/h5><\/div>\n\t\t\t\t\t\t\t\t<div class=\"cmt-box-description\">Rentrer son identifiant <\/div>\n\t\t\t\t\t\t\t<\/div>\n\t\t\t\t\t\t<\/div>\n\t\t\t\t\t\t\n\t\t\t\t\t\t<div class=\"cmt-processbox\">\n\t\t\t\t\t\t\t<div class=\"cmt-box-iconbox\"> \n\t\t\t\t\t\t\t\t\t<div class=\"cmt-process-icon\">\n\t\t\t\t\t\t\t\t\t<div class=\"cmt-vc_icon_element cmt-vc_icon_element-outer cmt-vc_icon_element-align-left \"><div class=\"cmt-vc_icon_element-inner  cmt-vc_icon_element-color-skincolor cmt-vc_icon_element-size-md cmt-vc_icon_element-style- cmt-vc_icon_element-background-color-grey\" ><span class=\"cmt-vc_icon_element-icon fa fa-tablet\" ><\/span><\/div><\/div>\n\t\t\t\t\t\t\t\t\t<div class=\"process-num\"><span class=\"number\">02<\/span><\/div>\n\t\t\t\t\t\t\t\t\t<\/div>\t\t\t\t\t\t\t\t\n\t\t\t\t\t\t\t<\/div>\n\t\t\t\t\t\t\t<div class=\"cmt-box-content\" >\n\t\t\t\t\t\t\t\t<div class=\"cmt-box-title\"><h5>\u00c9tape 2<\/h5><\/div>\n\t\t\t\t\t\t\t\t<div class=\"cmt-box-description\">Visualiser les t\u00e2ches en d\u00e9but de journ\u00e9e<\/div>\n\t\t\t\t\t\t\t<\/div>\n\t\t\t\t\t\t<\/div>\n\t\t\t\t\t\t\n\t\t\t\t\t\t<div class=\"cmt-processbox\">\n\t\t\t\t\t\t\t<div class=\"cmt-box-iconbox\"> \n\t\t\t\t\t\t\t\t\t<div class=\"cmt-process-icon\">\n\t\t\t\t\t\t\t\t\t<div class=\"cmt-vc_icon_element cmt-vc_icon_element-outer cmt-vc_icon_element-align-left \"><div class=\"cmt-vc_icon_element-inner  cmt-vc_icon_element-color-skincolor cmt-vc_icon_element-size-md cmt-vc_icon_element-style- cmt-vc_icon_element-background-color-grey\" ><span class=\"cmt-vc_icon_element-icon fa fa-file-word-o\" ><\/span><\/div><\/div>\n\t\t\t\t\t\t\t\t\t<div class=\"process-num\"><span class=\"number\">03<\/span><\/div>\n\t\t\t\t\t\t\t\t\t<\/div>\t\t\t\t\t\t\t\t\n\t\t\t\t\t\t\t<\/div>\n\t\t\t\t\t\t\t<div class=\"cmt-box-content\" >\n\t\t\t\t\t\t\t\t<div class=\"cmt-box-title\"><h5>\u00c9tape 3<\/h5><\/div>\n\t\t\t\t\t\t\t\t<div class=\"cmt-box-description\">Imprimer sa liste de t\u00e2ches<\/div>\n\t\t\t\t\t\t\t<\/div>\n\t\t\t\t\t\t<\/div>\n\t\t\t\t\t\t\n\t\t\t\t\t\t<div class=\"cmt-processbox\">\n\t\t\t\t\t\t\t<div class=\"cmt-box-iconbox\"> \n\t\t\t\t\t\t\t\t\t<div class=\"cmt-process-icon\">\n\t\t\t\t\t\t\t\t\t<div class=\"cmt-vc_icon_element cmt-vc_icon_element-outer cmt-vc_icon_element-align-left \"><div class=\"cmt-vc_icon_element-inner  cmt-vc_icon_element-color-skincolor cmt-vc_icon_element-size-md cmt-vc_icon_element-style- cmt-vc_icon_element-background-color-grey\" ><span class=\"cmt-vc_icon_element-icon fa fa-thumbs-o-up\" ><\/span><\/div><\/div>\n\t\t\t\t\t\t\t\t\t<div class=\"process-num\"><span class=\"number\">04<\/span><\/div>\n\t\t\t\t\t\t\t\t\t<\/div>\t\t\t\t\t\t\t\t\n\t\t\t\t\t\t\t<\/div>\n\t\t\t\t\t\t\t<div class=\"cmt-box-content\" >\n\t\t\t\t\t\t\t\t<div class=\"cmt-box-title\"><h5>\u00c9tape 3<\/h5><\/div>\n\t\t\t\t\t\t\t\t<div class=\"cmt-box-description\">Valider les t\u00e2ches effectu\u00e9es en fin de journ\u00e9e<\/div>\n\t\t\t\t\t\t\t<\/div>\n\t\t\t\t\t\t<\/div>\n\t\t\t\t\t\t<\/div>[\/vc_column][\/vc_row][vc_row][vc_column][vc_empty_space][vc_btn title=\u00a0\u00bbContactez-nous d\u00e8s maintenant !\u00a0\u00bb shape=\u00a0\u00bbround\u00a0\u00bb color=\u00a0\u00bbprimary\u00a0\u00bb size=\u00a0\u00bblg\u00a0\u00bb align=\u00a0\u00bbcenter\u00a0\u00bb link=\u00a0\u00bburl:https%3A%2F%2Fwebdevconsulting.fr%2Fprojet16%2Fcontactez-nous%2F|title:Nous%20contacter\u00a0\u00bb][\/vc_column][\/vc_row]<\/p>\n","protected":false},"excerpt":{"rendered":"<p>[vc_row][vc_column][vc_empty_space height=\u00a0\u00bb42px\u00a0\u00bb][vc_single_image image=\u00a0\u00bb2827&Prime; img_size=\u00a0\u00bb500&#215;156&Prime; alignment=\u00a0\u00bbcenter\u00a0\u00bb][\/vc_column][\/vc_row][vc_row][vc_column width=\u00a0\u00bb1\/2&Prime;][\/vc_column][vc_column width=\u00a0\u00bb1\/2&Prime;][\/vc_column][\/vc_row][vc_row][vc_column][vc_empty_space height=\u00a0\u00bb42px\u00a0\u00bb][\/vc_column][\/vc_row][vc_row][vc_column][vc_empty_space][vc_btn title=\u00a0\u00bbContactez-nous d\u00e8s maintenant !\u00a0\u00bb shape=\u00a0\u00bbround\u00a0\u00bb color=\u00a0\u00bbprimary\u00a0\u00bb size=\u00a0\u00bblg\u00a0\u00bb align=\u00a0\u00bbcenter\u00a0\u00bb link=\u00a0\u00bburl:https%3A%2F%2Fwebdevconsulting.fr%2Fprojet16%2Fcontactez-nous%2F|title:Nous%20contacter\u00a0\u00bb][\/vc_column][\/vc_row]<\/p>\n","protected":false},"author":2,"featured_media":0,"parent":0,"menu_order":0,"comment_status":"closed","ping_status":"closed","template":"","meta":{"footnotes":""},"class_list":["post-2805","page","type-page","status-publish","hentry"],"yoast_head":"<!-- This site is optimized with the Yoast SEO plugin v17.8 - https:\/\/yoast.com\/wordpress\/plugins\/seo\/ -->\n<title>Easy Task - ExpoDispo Agency - Outil d&#039;organisation du personnel<\/title>\n<meta name=\"description\" content=\"Vous avez besoin d&#039;une solution digitale &amp; innovante pour organiser et g\u00e9rer votre personnel? Adoptez Easy Task\" \/>\n<meta name=\"robots\" content=\"index, follow, max-snippet:-1, max-image-preview:large, max-video-preview:-1\" \/>\n<link rel=\"canonical\" href=\"https:\/\/agenceweb.digital\/?page_id=2805\" \/>\n<meta property=\"og:locale\" content=\"fr_FR\" \/>\n<meta property=\"og:type\" content=\"article\" \/>\n<meta property=\"og:title\" content=\"Easy Task - ExpoDispo Agency - Outil d&#039;organisation du personnel\" \/>\n<meta property=\"og:description\" content=\"Vous avez besoin d&#039;une solution digitale &amp; innovante pour organiser et g\u00e9rer votre personnel? Adoptez Easy Task\" \/>\n<meta property=\"og:url\" content=\"https:\/\/agenceweb.digital\/?page_id=2805\" \/>\n<meta property=\"og:site_name\" content=\"ExpoDispo Agency\" \/>\n<meta property=\"article:modified_time\" content=\"2022-04-14T08:20:20+00:00\" \/>\n<meta name=\"twitter:card\" content=\"summary_large_image\" \/>\n<meta name=\"twitter:label1\" content=\"Dur\u00e9e de lecture estim\u00e9e\" \/>\n\t<meta name=\"twitter:data1\" content=\"2 minutes\" \/>\n<script type=\"application\/ld+json\" class=\"yoast-schema-graph\">{\"@context\":\"https:\/\/schema.org\",\"@graph\":[{\"@type\":\"WebSite\",\"@id\":\"https:\/\/agenceweb.digital\/#website\",\"url\":\"https:\/\/agenceweb.digital\/\",\"name\":\"ExpoDispo Agency\",\"description\":\"Cr\\u00e9ations web &amp; formations entrepreneurs\",\"potentialAction\":[{\"@type\":\"SearchAction\",\"target\":{\"@type\":\"EntryPoint\",\"urlTemplate\":\"https:\/\/agenceweb.digital\/?s={search_term_string}\"},\"query-input\":\"required name=search_term_string\"}],\"inLanguage\":\"fr-FR\"},{\"@type\":\"WebPage\",\"@id\":\"https:\/\/agenceweb.digital\/?page_id=2805#webpage\",\"url\":\"https:\/\/agenceweb.digital\/?page_id=2805\",\"name\":\"Easy Task - ExpoDispo Agency - Outil d'organisation du personnel\",\"isPartOf\":{\"@id\":\"https:\/\/agenceweb.digital\/#website\"},\"datePublished\":\"2022-04-13T09:11:07+00:00\",\"dateModified\":\"2022-04-14T08:20:20+00:00\",\"description\":\"Vous avez besoin d'une solution digitale & innovante pour organiser et g\\u00e9rer votre personnel? Adoptez Easy Task\",\"breadcrumb\":{\"@id\":\"https:\/\/agenceweb.digital\/?page_id=2805#breadcrumb\"},\"inLanguage\":\"fr-FR\",\"potentialAction\":[{\"@type\":\"ReadAction\",\"target\":[\"https:\/\/agenceweb.digital\/?page_id=2805\"]}]},{\"@type\":\"BreadcrumbList\",\"@id\":\"https:\/\/agenceweb.digital\/?page_id=2805#breadcrumb\",\"itemListElement\":[{\"@type\":\"ListItem\",\"position\":1,\"name\":\"Accueil\",\"item\":\"https:\/\/agenceweb.digital\/\"},{\"@type\":\"ListItem\",\"position\":2,\"name\":\"Easy Task\"}]}]}<\/script>\n<!-- \/ Yoast SEO plugin. -->","yoast_head_json":{"title":"Easy Task - ExpoDispo Agency - Outil d'organisation du personnel","description":"Vous avez besoin d'une solution digitale & innovante pour organiser et g\u00e9rer votre personnel? Adoptez Easy Task","robots":{"index":"index","follow":"follow","max-snippet":"max-snippet:-1","max-image-preview":"max-image-preview:large","max-video-preview":"max-video-preview:-1"},"canonical":"https:\/\/agenceweb.digital\/?page_id=2805","og_locale":"fr_FR","og_type":"article","og_title":"Easy Task - ExpoDispo Agency - Outil d'organisation du personnel","og_description":"Vous avez besoin d'une solution digitale & innovante pour organiser et g\u00e9rer votre personnel? Adoptez Easy Task","og_url":"https:\/\/agenceweb.digital\/?page_id=2805","og_site_name":"ExpoDispo Agency","article_modified_time":"2022-04-14T08:20:20+00:00","twitter_card":"summary_large_image","twitter_misc":{"Dur\u00e9e de lecture estim\u00e9e":"2 minutes"},"schema":{"@context":"https:\/\/schema.org","@graph":[{"@type":"WebSite","@id":"https:\/\/agenceweb.digital\/#website","url":"https:\/\/agenceweb.digital\/","name":"ExpoDispo Agency","description":"Cr\u00e9ations web &amp; formations entrepreneurs","potentialAction":[{"@type":"SearchAction","target":{"@type":"EntryPoint","urlTemplate":"https:\/\/agenceweb.digital\/?s={search_term_string}"},"query-input":"required name=search_term_string"}],"inLanguage":"fr-FR"},{"@type":"WebPage","@id":"https:\/\/agenceweb.digital\/?page_id=2805#webpage","url":"https:\/\/agenceweb.digital\/?page_id=2805","name":"Easy Task - ExpoDispo Agency - Outil d'organisation du personnel","isPartOf":{"@id":"https:\/\/agenceweb.digital\/#website"},"datePublished":"2022-04-13T09:11:07+00:00","dateModified":"2022-04-14T08:20:20+00:00","description":"Vous avez besoin d'une solution digitale & innovante pour organiser et g\u00e9rer votre personnel? Adoptez Easy Task","breadcrumb":{"@id":"https:\/\/agenceweb.digital\/?page_id=2805#breadcrumb"},"inLanguage":"fr-FR","potentialAction":[{"@type":"ReadAction","target":["https:\/\/agenceweb.digital\/?page_id=2805"]}]},{"@type":"BreadcrumbList","@id":"https:\/\/agenceweb.digital\/?page_id=2805#breadcrumb","itemListElement":[{"@type":"ListItem","position":1,"name":"Accueil","item":"https:\/\/agenceweb.digital\/"},{"@type":"ListItem","position":2,"name":"Easy Task"}]}]}},"_links":{"self":[{"href":"https:\/\/agenceweb.digital\/index.php?rest_route=\/wp\/v2\/pages\/2805","targetHints":{"allow":["GET"]}}],"collection":[{"href":"https:\/\/agenceweb.digital\/index.php?rest_route=\/wp\/v2\/pages"}],"about":[{"href":"https:\/\/agenceweb.digital\/index.php?rest_route=\/wp\/v2\/types\/page"}],"author":[{"embeddable":true,"href":"https:\/\/agenceweb.digital\/index.php?rest_route=\/wp\/v2\/users\/2"}],"replies":[{"embeddable":true,"href":"https:\/\/agenceweb.digital\/index.php?rest_route=%2Fwp%2Fv2%2Fcomments&post=2805"}],"version-history":[{"count":6,"href":"https:\/\/agenceweb.digital\/index.php?rest_route=\/wp\/v2\/pages\/2805\/revisions"}],"predecessor-version":[{"id":2843,"href":"https:\/\/agenceweb.digital\/index.php?rest_route=\/wp\/v2\/pages\/2805\/revisions\/2843"}],"wp:attachment":[{"href":"https:\/\/agenceweb.digital\/index.php?rest_route=%2Fwp%2Fv2%2Fmedia&parent=2805"}],"curies":[{"name":"wp","href":"https:\/\/api.w.org\/{rel}","templated":true}]}}